{"id":577,"date":"2026-01-12T06:58:27","date_gmt":"2026-01-12T06:58:27","guid":{"rendered":"https:\/\/artistdentallab.com\/?post_type=product&#038;p=577"},"modified":"2026-01-12T06:58:27","modified_gmt":"2026-01-12T06:58:27","slug":"e-max-veneer","status":"publish","type":"product","link":"https:\/\/artistdentallab.com\/de\/e-max-veneer\/","title":{"rendered":"E.max Furnier"},"content":{"rendered":"<table class=\"w-fit min-w-(--thread-content-width)\" data-start=\"2217\" data-end=\"3779\">\n<thead data-start=\"2217\" data-end=\"2238\">\n<tr data-start=\"2217\" data-end=\"2238\">\n<th data-start=\"2217\" data-end=\"2227\" data-col-size=\"sm\">Abschnitt<\/th>\n<th data-start=\"2227\" data-end=\"2238\" data-col-size=\"lg\">Einzelheiten<\/th>\n<\/tr>\n<\/thead>\n<tbody data-start=\"2249\" data-end=\"3779\">\n<tr data-start=\"2249\" data-end=\"2405\">\n<td data-start=\"2249\" data-end=\"2260\" data-col-size=\"sm\">\u00dcbersicht<\/td>\n<td data-start=\"2260\" data-end=\"2405\" data-col-size=\"lg\">Lithium-Disilikat-Veneers (E.max), die ein Gleichgewicht zwischen zuverl\u00e4ssiger Festigkeit und hoch\u00e4sthetischer Transluzenz f\u00fcr vorhersehbare kosmetische Ergebnisse bieten.<\/td>\n<\/tr>\n<tr data-start=\"2406\" data-end=\"2547\">\n<td data-start=\"2406\" data-end=\"2417\" data-col-size=\"sm\">Am besten f\u00fcr<\/td>\n<td data-start=\"2417\" data-end=\"2547\" data-col-size=\"lg\">Konservative Veneer-F\u00e4lle, L\u00e4chelverbesserungen von einer bis zu mehreren Einheiten und Arbeitsabl\u00e4ufe, die eine einheitliche Passform und Farbgebung erfordern.<\/td>\n<\/tr>\n<tr data-start=\"2548\" data-end=\"2603\">\n<td data-start=\"2548\" data-end=\"2559\" data-col-size=\"sm\">Material<\/td>\n<td data-start=\"2559\" data-end=\"2603\" data-col-size=\"lg\">Lithium-Disilikat-Keramik (Typ E.max).<\/td>\n<\/tr>\n<tr data-start=\"2604\" data-end=\"2753\">\n<td data-start=\"2604\" data-end=\"2618\" data-col-size=\"sm\">Indikationen<\/td>\n<td data-start=\"2618\" data-end=\"2753\" data-col-size=\"lg\">Veneers im Frontzahn- und Pr\u00e4molarenbereich (fallabh\u00e4ngig), Formkorrektur, moderate Farbverbesserung und \u00e4sthetische Rehabilitationsplanung.<\/td>\n<\/tr>\n<tr data-start=\"2754\" data-end=\"2902\">\n<td data-start=\"2754\" data-end=\"2771\" data-col-size=\"sm\">Gestaltungsm\u00f6glichkeiten<\/td>\n<td data-col-size=\"lg\" data-start=\"2771\" data-end=\"2902\">Vorgegebenes Furnierdesign (Fenster\/Stumpfsto\u00df\/Umh\u00fcllung); optionale Oberfl\u00e4chentextur und individuelle Bemalung\/Glasur zur Anpassung an die benachbarten Z\u00e4hne.<\/td>\n<\/tr>\n<tr data-start=\"2903\" data-end=\"3064\">\n<td data-start=\"2903\" data-end=\"2930\" data-col-size=\"sm\">Anleitung zur Vorbereitung (klinisch)<\/td>\n<td data-col-size=\"lg\" data-start=\"2930\" data-end=\"3064\">Minimale Vorbereitung bis hin zur Standard-Veneer-Reduktion (fallabh\u00e4ngig); klare Randdefinition und Reduktionshinweise verbessern Passung und \u00c4sthetik.<\/td>\n<\/tr>\n<tr data-start=\"3065\" data-end=\"3209\">\n<td data-start=\"3065\" data-end=\"3085\" data-col-size=\"sm\">Farbton &amp; \u00c4sthetik<\/td>\n<td data-col-size=\"lg\" data-start=\"3085\" data-end=\"3209\">Farbanpassung mit Fotos und Notizen; Transluzenz\/Wertvorgaben k\u00f6nnen f\u00fcr eine vorhersehbare Integration angegeben werden.<\/td>\n<\/tr>\n<tr data-start=\"3210\" data-end=\"3342\">\n<td data-start=\"3210\" data-end=\"3224\" data-col-size=\"sm\">Zementierung<\/td>\n<td data-col-size=\"lg\" data-start=\"3224\" data-end=\"3342\">Wird in der Regel mit adh\u00e4siven Harzzementprotokollen eingesetzt; der Zahnarzt muss das f\u00fcr den Fall geeignete Bondingsystem ausw\u00e4hlen.<\/td>\n<\/tr>\n<tr data-start=\"3343\" data-end=\"3504\">\n<td data-start=\"3343\" data-end=\"3364\" data-col-size=\"sm\">Was Sie senden sollen (B2B)<\/td>\n<td data-col-size=\"lg\" data-start=\"3364\" data-end=\"3504\">STL-Scans (Pr\u00e4paration\/Opposition\/Biss), Farbe + Stumpffarbe, Fotos (eingezogen + L\u00e4cheln), Notizen zur Rand-\/Fertigstellungslinie und \u00e4sthetische Referenzziele.<\/td>\n<\/tr>\n<tr data-start=\"3505\" data-end=\"3634\">\n<td data-start=\"3505\" data-end=\"3516\" data-col-size=\"sm\">QC Fokus<\/td>\n<td data-col-size=\"lg\" data-start=\"3516\" data-end=\"3634\">Saubere R\u00e4nder, stabile Kontakte, vorhersehbares okklusales Schema (fallabh\u00e4ngig) und konsistente endg\u00fcltige Oberfl\u00e4cheng\u00fcte.<\/td>\n<\/tr>\n<tr data-start=\"3635\" data-end=\"3779\">\n<td data-start=\"3635\" data-end=\"3643\" data-col-size=\"sm\">Anmerkungen<\/td>\n<td data-start=\"3643\" data-end=\"3779\" data-col-size=\"lg\">Gemeinsame okklusale F\u00fchrung und \u00e4sthetische Priorit\u00e4ten (Wertigkeit, Transluzenz, inzisale Effekte) f\u00fcr optimale Konsistenz bei mehrgliedrigen F\u00e4llen.<\/td>\n<\/tr>\n<\/tbody>\n<\/table>","protected":false},"excerpt":{"rendered":"<p>Lithium-Disilikat-Veneers mit nat\u00fcrlicher Transluzenz, zuverl\u00e4ssiger Festigkeit und pr\u00e4ziser Passform f\u00fcr schlanke kosmetische F\u00e4lle.<\/p>","protected":false},"featured_media":549,"template":"","meta":{"_gspb_post_css":""},"product_brand":[],"product_cat":[160],"product_tag":[],"class_list":{"0":"post-577","1":"product","2":"type-product","3":"status-publish","4":"has-post-thumbnail","6":"product_cat-e-max-veneer","8":"first","9":"instock","10":"shipping-taxable","11":"purchasable","12":"product-type-simple"},"_links":{"self":[{"href":"https:\/\/artistdentallab.com\/de\/wp-json\/wp\/v2\/product\/577","targetHints":{"allow":["GET"]}}],"collection":[{"href":"https:\/\/artistdentallab.com\/de\/wp-json\/wp\/v2\/product"}],"about":[{"href":"https:\/\/artistdentallab.com\/de\/wp-json\/wp\/v2\/types\/product"}],"wp:featuredmedia":[{"embeddable":true,"href":"https:\/\/artistdentallab.com\/de\/wp-json\/wp\/v2\/media\/549"}],"wp:attachment":[{"href":"https:\/\/artistdentallab.com\/de\/wp-json\/wp\/v2\/media?parent=577"}],"wp:term":[{"taxonomy":"product_brand","embeddable":true,"href":"https:\/\/artistdentallab.com\/de\/wp-json\/wp\/v2\/product_brand?post=577"},{"taxonomy":"product_cat","embeddable":true,"href":"https:\/\/artistdentallab.com\/de\/wp-json\/wp\/v2\/product_cat?post=577"},{"taxonomy":"product_tag","embeddable":true,"href":"https:\/\/artistdentallab.com\/de\/wp-json\/wp\/v2\/product_tag?post=577"}],"curies":[{"name":"wp","href":"https:\/\/api.w.org\/{rel}","templated":true}]}}