{"id":581,"date":"2026-01-12T07:03:32","date_gmt":"2026-01-12T07:03:32","guid":{"rendered":"https:\/\/artistdentallab.com\/?post_type=product&#038;p=581"},"modified":"2026-01-12T07:04:10","modified_gmt":"2026-01-12T07:04:10","slug":"zirconia-veneer","status":"publish","type":"product","link":"https:\/\/artistdentallab.com\/de\/zirconia-veneer\/","title":{"rendered":"Zirkoniumdioxid-Verblendung"},"content":{"rendered":"<table class=\"w-fit min-w-(--thread-content-width)\" data-start=\"9802\" data-end=\"11198\">\n<thead data-start=\"9802\" data-end=\"9823\">\n<tr data-start=\"9802\" data-end=\"9823\">\n<th data-start=\"9802\" data-end=\"9812\" data-col-size=\"sm\">Abschnitt<\/th>\n<th data-start=\"9812\" data-end=\"9823\" data-col-size=\"lg\">Einzelheiten<\/th>\n<\/tr>\n<\/thead>\n<tbody data-start=\"9834\" data-end=\"11198\">\n<tr data-start=\"9834\" data-end=\"9995\">\n<td data-start=\"9834\" data-end=\"9845\" data-col-size=\"sm\">\u00dcbersicht<\/td>\n<td data-start=\"9845\" data-end=\"9995\" data-col-size=\"lg\">Hochfeste Zirkoniumdioxid-Veneers, die auf Langlebigkeit ausgelegt sind und gleichzeitig eine klare, moderne \u00c4sthetik bieten - ideal f\u00fcr anspruchsvolle funktionelle kosmetische F\u00e4lle.<\/td>\n<\/tr>\n<tr data-start=\"9996\" data-end=\"10150\">\n<td data-start=\"9996\" data-end=\"10007\" data-col-size=\"sm\">Am besten f\u00fcr<\/td>\n<td data-start=\"10007\" data-end=\"10150\" data-col-size=\"lg\">Patienten mit h\u00f6heren funktionellen Anforderungen, F\u00e4lle, in denen eine erh\u00f6hte Bruchfestigkeit erforderlich ist, und Situationen, in denen die langfristige Haltbarkeit im Vordergrund steht.<\/td>\n<\/tr>\n<tr data-start=\"10151\" data-end=\"10218\">\n<td data-start=\"10151\" data-end=\"10162\" data-col-size=\"sm\">Material<\/td>\n<td data-start=\"10162\" data-end=\"10218\" data-col-size=\"lg\">Monolithisches Zirkoniumdioxid (Verblendungsdesign; fallabh\u00e4ngig).<\/td>\n<\/tr>\n<tr data-start=\"10219\" data-end=\"10391\">\n<td data-start=\"10219\" data-end=\"10233\" data-col-size=\"sm\">Indikationen<\/td>\n<td data-start=\"10233\" data-end=\"10391\" data-col-size=\"lg\">Veneer-F\u00e4lle, die eine erh\u00f6hte Haltbarkeit erfordern (fallabh\u00e4ngig), funktionelle kosmetische Restaurationen und schwierige Bissverh\u00e4ltnisse mit entsprechender Planung.<\/td>\n<\/tr>\n<tr data-start=\"10392\" data-end=\"10525\">\n<td data-start=\"10392\" data-end=\"10409\" data-col-size=\"sm\">Gestaltungsm\u00f6glichkeiten<\/td>\n<td data-start=\"10409\" data-end=\"10525\" data-col-size=\"lg\">Monolithische Konturierung mit optionaler F\u00e4rbe- und Oberfl\u00e4chenkontrolle; \u00e4sthetische Ziele werden durch Farbangaben und Fotos festgelegt.<\/td>\n<\/tr>\n<tr data-start=\"10526\" data-end=\"10680\">\n<td data-start=\"10526\" data-end=\"10538\" data-col-size=\"sm\">\u00c4sthetik<\/td>\n<td data-start=\"10538\" data-end=\"10680\" data-col-size=\"lg\">Entwickelt, um durch sorgf\u00e4ltige Konturierung und Nachbearbeitung ein nat\u00fcrliches Aussehen zu erzielen; Transluzenzziele k\u00f6nnen nach Verordnung festgelegt werden.<\/td>\n<\/tr>\n<tr data-start=\"10681\" data-end=\"10805\">\n<td data-start=\"10681\" data-end=\"10695\" data-col-size=\"sm\">Zementierung<\/td>\n<td data-col-size=\"lg\" data-start=\"10695\" data-end=\"10805\">Fallabh\u00e4ngige Zementierung nach dem Protokoll des Zahnarztes (bei Veneers werden h\u00e4ufig Protokolle auf Kunststoffbasis verwendet).<\/td>\n<\/tr>\n<tr data-start=\"10806\" data-end=\"10948\">\n<td data-start=\"10806\" data-end=\"10827\" data-col-size=\"sm\">Was Sie senden sollen (B2B)<\/td>\n<td data-col-size=\"lg\" data-start=\"10827\" data-end=\"10948\">STL-Scans, Farbe + Stumpffarbe, okklusale Notizen (F\u00fchrung\/Parafunktion), Fotos und alle Referenz-Smile-Designziele.<\/td>\n<\/tr>\n<tr data-start=\"10949\" data-end=\"11075\">\n<td data-start=\"10949\" data-end=\"10960\" data-col-size=\"sm\">QC Fokus<\/td>\n<td data-col-size=\"lg\" data-start=\"10960\" data-end=\"11075\">Passung und R\u00e4nder, stabile Kontakte, \u00dcberpr\u00fcfung des okklusalen Schemas (fallabh\u00e4ngig) und Gleichm\u00e4\u00dfigkeit der Oberfl\u00e4chenbearbeitung.<\/td>\n<\/tr>\n<tr data-start=\"11076\" data-end=\"11198\">\n<td data-start=\"11076\" data-end=\"11084\" data-col-size=\"sm\">Anmerkungen<\/td>\n<td data-col-size=\"lg\" data-start=\"11084\" data-end=\"11198\">Fr\u00fchzeitig \u00fcber funktionelle Risikofaktoren aufkl\u00e4ren; klare \u00e4sthetische Erwartungen formulieren, um ein Gleichgewicht zwischen Haltbarkeit und Aussehen herzustellen.<\/td>\n<\/tr>\n<\/tbody>\n<\/table>","protected":false},"excerpt":{"rendered":"<p>Zirkoniumdioxid-Veneers f\u00fcr hochfeste kosmetische F\u00e4lle - langlebiges monolithisches Design mit individuell anpassbarer Oberfl\u00e4che f\u00fcr nat\u00fcrliche Ergebnisse.<\/p>","protected":false},"featured_media":556,"template":"","meta":{"_gspb_post_css":""},"product_brand":[],"product_cat":[164],"product_tag":[],"class_list":{"0":"post-581","1":"product","2":"type-product","3":"status-publish","4":"has-post-thumbnail","6":"product_cat-zirconia-veneer","8":"first","9":"instock","10":"shipping-taxable","11":"purchasable","12":"product-type-simple"},"_links":{"self":[{"href":"https:\/\/artistdentallab.com\/de\/wp-json\/wp\/v2\/product\/581","targetHints":{"allow":["GET"]}}],"collection":[{"href":"https:\/\/artistdentallab.com\/de\/wp-json\/wp\/v2\/product"}],"about":[{"href":"https:\/\/artistdentallab.com\/de\/wp-json\/wp\/v2\/types\/product"}],"wp:featuredmedia":[{"embeddable":true,"href":"https:\/\/artistdentallab.com\/de\/wp-json\/wp\/v2\/media\/556"}],"wp:attachment":[{"href":"https:\/\/artistdentallab.com\/de\/wp-json\/wp\/v2\/media?parent=581"}],"wp:term":[{"taxonomy":"product_brand","embeddable":true,"href":"https:\/\/artistdentallab.com\/de\/wp-json\/wp\/v2\/product_brand?post=581"},{"taxonomy":"product_cat","embeddable":true,"href":"https:\/\/artistdentallab.com\/de\/wp-json\/wp\/v2\/product_cat?post=581"},{"taxonomy":"product_tag","embeddable":true,"href":"https:\/\/artistdentallab.com\/de\/wp-json\/wp\/v2\/product_tag?post=581"}],"curies":[{"name":"wp","href":"https:\/\/api.w.org\/{rel}","templated":true}]}}