{"id":583,"date":"2026-01-12T07:06:15","date_gmt":"2026-01-12T07:06:15","guid":{"rendered":"https:\/\/artistdentallab.com\/?post_type=product&#038;p=583"},"modified":"2026-01-12T07:06:15","modified_gmt":"2026-01-12T07:06:15","slug":"full-e-max-veneer","status":"publish","type":"product","link":"https:\/\/artistdentallab.com\/de\/full-e-max-veneer\/","title":{"rendered":"Voll-E.max-Furnier"},"content":{"rendered":"<table class=\"w-fit min-w-(--thread-content-width)\" data-start=\"13307\" data-end=\"14594\">\n<thead data-start=\"13307\" data-end=\"13328\">\n<tr data-start=\"13307\" data-end=\"13328\">\n<th data-start=\"13307\" data-end=\"13317\" data-col-size=\"sm\">Abschnitt<\/th>\n<th data-start=\"13317\" data-end=\"13328\" data-col-size=\"lg\">Einzelheiten<\/th>\n<\/tr>\n<\/thead>\n<tbody data-start=\"13339\" data-end=\"14594\">\n<tr data-start=\"13339\" data-end=\"13510\">\n<td data-start=\"13339\" data-end=\"13350\" data-col-size=\"sm\">\u00dcbersicht<\/td>\n<td data-col-size=\"lg\" data-start=\"13350\" data-end=\"13510\">Vollkonturierte (monolithische) E.max-Veneers bieten eine vorhersagbare Passform, gleichbleibende Festigkeit und nat\u00fcrliche Transluzenz - optimiert f\u00fcr optimierte kosmetische Arbeitsabl\u00e4ufe.<\/td>\n<\/tr>\n<tr data-start=\"13511\" data-end=\"13657\">\n<td data-start=\"13511\" data-end=\"13522\" data-col-size=\"sm\">Am besten f\u00fcr<\/td>\n<td data-col-size=\"lg\" data-start=\"13522\" data-end=\"13657\">Einzelne oder mehrteilige Smile Enhancement-F\u00e4lle, die eine effiziente Produktion und konsistente Ergebnisse mit optionalen Anpassungen erfordern.<\/td>\n<\/tr>\n<tr data-start=\"13658\" data-end=\"13716\">\n<td data-start=\"13658\" data-end=\"13669\" data-col-size=\"sm\">Material<\/td>\n<td data-col-size=\"lg\" data-start=\"13669\" data-end=\"13716\">Monolithisches Lithiumdisilikat (Typ E.max).<\/td>\n<\/tr>\n<tr data-start=\"13717\" data-end=\"13847\">\n<td data-start=\"13717\" data-end=\"13731\" data-col-size=\"sm\">Indikationen<\/td>\n<td data-col-size=\"lg\" data-start=\"13731\" data-end=\"13847\">Veneer-F\u00e4lle (fallabh\u00e4ngig), bei denen Festigkeit, Passgenauigkeit und \u00e4sthetische Transluzenz die wichtigsten klinischen Ziele sind.<\/td>\n<\/tr>\n<tr data-start=\"13848\" data-end=\"13976\">\n<td data-start=\"13848\" data-end=\"13865\" data-col-size=\"sm\">Gestaltungsm\u00f6glichkeiten<\/td>\n<td data-col-size=\"lg\" data-start=\"13865\" data-end=\"13976\">Vollkonturierte Anatomie; optionale individuelle F\u00e4rbung, Glanzkontrolle und Oberfl\u00e4chentextur zur Anpassung an die Nachbarz\u00e4hne.<\/td>\n<\/tr>\n<tr data-start=\"13977\" data-end=\"14097\">\n<td data-start=\"13977\" data-end=\"13993\" data-col-size=\"sm\">Beschattungssteuerung<\/td>\n<td data-col-size=\"lg\" data-start=\"13993\" data-end=\"14097\">Schatten + Stumpfschatten + Fotos empfohlen f\u00fcr Wert-\/Transluzenzkontrolle und vorhersehbare Integration.<\/td>\n<\/tr>\n<tr data-start=\"14098\" data-end=\"14222\">\n<td data-start=\"14098\" data-end=\"14112\" data-col-size=\"sm\">Zementierung<\/td>\n<td data-col-size=\"lg\" data-start=\"14112\" data-end=\"14222\">Vorgesehen f\u00fcr adh\u00e4sive Klebeprotokolle je nach Pr\u00e4ferenz des Arztes (Harzzement, der \u00fcblicherweise f\u00fcr Veneers verwendet wird).<\/td>\n<\/tr>\n<tr data-start=\"14223\" data-end=\"14351\">\n<td data-start=\"14223\" data-end=\"14244\" data-col-size=\"sm\">Was Sie senden sollen (B2B)<\/td>\n<td data-col-size=\"lg\" data-start=\"14244\" data-end=\"14351\">STL-Scans, Randnotizen, Farb-\/Stumpffarben, Patientenfotos und alle Wax-up-\/Mock-up- oder Referenzbilder.<\/td>\n<\/tr>\n<tr data-start=\"14352\" data-end=\"14467\">\n<td data-start=\"14352\" data-end=\"14363\" data-col-size=\"sm\">QC Fokus<\/td>\n<td data-col-size=\"lg\" data-start=\"14363\" data-end=\"14467\">Saubere R\u00e4nder, Kontaktstabilit\u00e4t, okklusale Verfeinerung (fallabh\u00e4ngig) und einheitliche Endbearbeitung.<\/td>\n<\/tr>\n<tr data-start=\"14468\" data-end=\"14594\">\n<td data-start=\"14468\" data-end=\"14476\" data-col-size=\"sm\">Anmerkungen<\/td>\n<td data-col-size=\"lg\" data-start=\"14476\" data-end=\"14594\">Setzen Sie \u00e4sthetische Priorit\u00e4ten (Wert\/Transluzenz\/Textur) f\u00fcr konsistente Ergebnisse in kosmetischen F\u00e4llen mit mehreren Einheiten.<\/td>\n<\/tr>\n<\/tbody>\n<\/table>","protected":false},"excerpt":{"rendered":"<p>Monolithische E.max-Veneers f\u00fcr vorhersagbare Passform, gleichbleibende Festigkeit und nat\u00fcrliche \u00c4sthetik - ideal f\u00fcr effiziente kosmetische B2B-Arbeitsabl\u00e4ufe.<\/p>","protected":false},"featured_media":552,"template":"","meta":{"_gspb_post_css":""},"product_brand":[],"product_cat":[166],"product_tag":[],"class_list":{"0":"post-583","1":"product","2":"type-product","3":"status-publish","4":"has-post-thumbnail","6":"product_cat-full-e-max-veneer","8":"first","9":"instock","10":"shipping-taxable","11":"purchasable","12":"product-type-simple"},"_links":{"self":[{"href":"https:\/\/artistdentallab.com\/de\/wp-json\/wp\/v2\/product\/583","targetHints":{"allow":["GET"]}}],"collection":[{"href":"https:\/\/artistdentallab.com\/de\/wp-json\/wp\/v2\/product"}],"about":[{"href":"https:\/\/artistdentallab.com\/de\/wp-json\/wp\/v2\/types\/product"}],"wp:featuredmedia":[{"embeddable":true,"href":"https:\/\/artistdentallab.com\/de\/wp-json\/wp\/v2\/media\/552"}],"wp:attachment":[{"href":"https:\/\/artistdentallab.com\/de\/wp-json\/wp\/v2\/media?parent=583"}],"wp:term":[{"taxonomy":"product_brand","embeddable":true,"href":"https:\/\/artistdentallab.com\/de\/wp-json\/wp\/v2\/product_brand?post=583"},{"taxonomy":"product_cat","embeddable":true,"href":"https:\/\/artistdentallab.com\/de\/wp-json\/wp\/v2\/product_cat?post=583"},{"taxonomy":"product_tag","embeddable":true,"href":"https:\/\/artistdentallab.com\/de\/wp-json\/wp\/v2\/product_tag?post=583"}],"curies":[{"name":"wp","href":"https:\/\/api.w.org\/{rel}","templated":true}]}}