{"id":577,"date":"2026-01-12T06:58:27","date_gmt":"2026-01-12T06:58:27","guid":{"rendered":"https:\/\/artistdentallab.com\/?post_type=product&#038;p=577"},"modified":"2026-01-12T06:58:27","modified_gmt":"2026-01-12T06:58:27","slug":"e-max-veneer","status":"publish","type":"product","link":"https:\/\/artistdentallab.com\/es\/e-max-veneer\/","title":{"rendered":"E.max Enchapado"},"content":{"rendered":"<table class=\"w-fit min-w-(--thread-content-width)\" data-start=\"2217\" data-end=\"3779\">\n<thead data-start=\"2217\" data-end=\"2238\">\n<tr data-start=\"2217\" data-end=\"2238\">\n<th data-start=\"2217\" data-end=\"2227\" data-col-size=\"sm\">Secci\u00f3n<\/th>\n<th data-start=\"2227\" data-end=\"2238\" data-col-size=\"lg\">Detalles<\/th>\n<\/tr>\n<\/thead>\n<tbody data-start=\"2249\" data-end=\"3779\">\n<tr data-start=\"2249\" data-end=\"2405\">\n<td data-start=\"2249\" data-end=\"2260\" data-col-size=\"sm\">Visi\u00f3n general<\/td>\n<td data-start=\"2260\" data-end=\"2405\" data-col-size=\"lg\">Carillas de disilicato de litio (E.max) dise\u00f1adas para equilibrar una resistencia fiable con una translucidez altamente est\u00e9tica para obtener resultados est\u00e9ticos predecibles.<\/td>\n<\/tr>\n<tr data-start=\"2406\" data-end=\"2547\">\n<td data-start=\"2406\" data-end=\"2417\" data-col-size=\"sm\">Lo mejor para<\/td>\n<td data-start=\"2417\" data-end=\"2547\" data-col-size=\"lg\">Casos de carillas conservadoras, mejora de la sonrisa de una a varias unidades y flujos de trabajo que requieren un ajuste y un tono uniformes.<\/td>\n<\/tr>\n<tr data-start=\"2548\" data-end=\"2603\">\n<td data-start=\"2548\" data-end=\"2559\" data-col-size=\"sm\">Material<\/td>\n<td data-start=\"2559\" data-end=\"2603\" data-col-size=\"lg\">Cer\u00e1mica de disilicato de litio (tipo E.max).<\/td>\n<\/tr>\n<tr data-start=\"2604\" data-end=\"2753\">\n<td data-start=\"2604\" data-end=\"2618\" data-col-size=\"sm\">Indicaciones<\/td>\n<td data-start=\"2618\" data-end=\"2753\" data-col-size=\"lg\">Carillas anteriores y premolares (seg\u00fan el caso), correcci\u00f3n de forma, mejora moderada del color y planificaci\u00f3n de rehabilitaci\u00f3n est\u00e9tica.<\/td>\n<\/tr>\n<tr data-start=\"2754\" data-end=\"2902\">\n<td data-start=\"2754\" data-end=\"2771\" data-col-size=\"sm\">Opciones de dise\u00f1o<\/td>\n<td data-col-size=\"lg\" data-start=\"2771\" data-end=\"2902\">Dise\u00f1o prescrito de la carilla (ventana\/uni\u00f3n a tope\/envoltura); textura opcional de la superficie y tinte\/esmalte personalizado a juego con la dentici\u00f3n adyacente.<\/td>\n<\/tr>\n<tr data-start=\"2903\" data-end=\"3064\">\n<td data-start=\"2903\" data-end=\"2930\" data-col-size=\"sm\">Orientaci\u00f3n preparatoria (cl\u00ednica)<\/td>\n<td data-col-size=\"lg\" data-start=\"2930\" data-end=\"3064\">Reducci\u00f3n de carillas de preparaci\u00f3n m\u00ednima a est\u00e1ndar (seg\u00fan el caso); definici\u00f3n clara de los m\u00e1rgenes y notas de reducci\u00f3n que mejoran el ajuste y la est\u00e9tica.<\/td>\n<\/tr>\n<tr data-start=\"3065\" data-end=\"3209\">\n<td data-start=\"3065\" data-end=\"3085\" data-col-size=\"sm\">Sombra y est\u00e9tica<\/td>\n<td data-col-size=\"lg\" data-start=\"3085\" data-end=\"3209\">Posibilidad de combinar tonos con fotos y notas; se pueden especificar objetivos de translucidez\/valor para una integraci\u00f3n predecible.<\/td>\n<\/tr>\n<tr data-start=\"3210\" data-end=\"3342\">\n<td data-start=\"3210\" data-end=\"3224\" data-col-size=\"sm\">Cementaci\u00f3n<\/td>\n<td data-col-size=\"lg\" data-start=\"3224\" data-end=\"3342\">Com\u00fanmente colocado con protocolos de cemento de resina adhesiva; el cl\u00ednico debe seleccionar el sistema de adhesi\u00f3n apropiado para el caso.<\/td>\n<\/tr>\n<tr data-start=\"3343\" data-end=\"3504\">\n<td data-start=\"3343\" data-end=\"3364\" data-col-size=\"sm\">Qu\u00e9 enviar (B2B)<\/td>\n<td data-col-size=\"lg\" data-start=\"3364\" data-end=\"3504\">Escaneados STL (preparaci\u00f3n\/oposici\u00f3n\/mordida), sombra + sombra de mu\u00f1\u00f3n, fotos (retra\u00edda + sonrisa), notas de m\u00e1rgenes\/l\u00edneas de acabado y objetivos est\u00e9ticos de referencia.<\/td>\n<\/tr>\n<tr data-start=\"3505\" data-end=\"3634\">\n<td data-start=\"3505\" data-end=\"3516\" data-col-size=\"sm\">Enfoque de control de calidad<\/td>\n<td data-col-size=\"lg\" data-start=\"3516\" data-end=\"3634\">M\u00e1rgenes limpios, contactos estables, esquema oclusal predecible (depende del caso) y acabado superficial final consistente.<\/td>\n<\/tr>\n<tr data-start=\"3635\" data-end=\"3779\">\n<td data-start=\"3635\" data-end=\"3643\" data-col-size=\"sm\">Notas<\/td>\n<td data-start=\"3643\" data-end=\"3779\" data-col-size=\"lg\">Comparta la gu\u00eda oclusal y las prioridades est\u00e9ticas (valor, translucidez, efectos incisales) para obtener la m\u00e1xima coherencia en casos de varias unidades.<\/td>\n<\/tr>\n<\/tbody>\n<\/table>","protected":false},"excerpt":{"rendered":"<p>Carillas de disilicato de litio con translucidez natural, resistencia fiable y ajuste preciso para casos est\u00e9ticos racionalizados.<\/p>","protected":false},"featured_media":549,"template":"","meta":{"_gspb_post_css":""},"product_brand":[],"product_cat":[160],"product_tag":[],"class_list":{"0":"post-577","1":"product","2":"type-product","3":"status-publish","4":"has-post-thumbnail","6":"product_cat-e-max-veneer","8":"first","9":"instock","10":"shipping-taxable","11":"purchasable","12":"product-type-simple"},"_links":{"self":[{"href":"https:\/\/artistdentallab.com\/es\/wp-json\/wp\/v2\/product\/577","targetHints":{"allow":["GET"]}}],"collection":[{"href":"https:\/\/artistdentallab.com\/es\/wp-json\/wp\/v2\/product"}],"about":[{"href":"https:\/\/artistdentallab.com\/es\/wp-json\/wp\/v2\/types\/product"}],"wp:featuredmedia":[{"embeddable":true,"href":"https:\/\/artistdentallab.com\/es\/wp-json\/wp\/v2\/media\/549"}],"wp:attachment":[{"href":"https:\/\/artistdentallab.com\/es\/wp-json\/wp\/v2\/media?parent=577"}],"wp:term":[{"taxonomy":"product_brand","embeddable":true,"href":"https:\/\/artistdentallab.com\/es\/wp-json\/wp\/v2\/product_brand?post=577"},{"taxonomy":"product_cat","embeddable":true,"href":"https:\/\/artistdentallab.com\/es\/wp-json\/wp\/v2\/product_cat?post=577"},{"taxonomy":"product_tag","embeddable":true,"href":"https:\/\/artistdentallab.com\/es\/wp-json\/wp\/v2\/product_tag?post=577"}],"curies":[{"name":"wp","href":"https:\/\/api.w.org\/{rel}","templated":true}]}}