{"id":579,"date":"2026-01-12T07:00:55","date_gmt":"2026-01-12T07:00:55","guid":{"rendered":"https:\/\/artistdentallab.com\/?post_type=product&#038;p=579"},"modified":"2026-01-12T07:01:21","modified_gmt":"2026-01-12T07:01:21","slug":"layered-e-max-veneer","status":"publish","type":"product","link":"https:\/\/artistdentallab.com\/es\/layered-e-max-veneer\/","title":{"rendered":"Chapa E.max estratificada"},"content":{"rendered":"<table class=\"w-fit min-w-(--thread-content-width)\" data-start=\"6023\" data-end=\"7638\">\n<thead data-start=\"6023\" data-end=\"6044\">\n<tr data-start=\"6023\" data-end=\"6044\">\n<th data-start=\"6023\" data-end=\"6033\" data-col-size=\"sm\">Secci\u00f3n<\/th>\n<th data-start=\"6033\" data-end=\"6044\" data-col-size=\"lg\">Detalles<\/th>\n<\/tr>\n<\/thead>\n<tbody data-start=\"6055\" data-end=\"7638\">\n<tr data-start=\"6055\" data-end=\"6229\">\n<td data-start=\"6055\" data-end=\"6066\" data-col-size=\"sm\">Visi\u00f3n general<\/td>\n<td data-col-size=\"lg\" data-start=\"6066\" data-end=\"6229\">Carillas E.max estratificadas que combinan un n\u00facleo de disilicato de litio con estratificaci\u00f3n de porcelana para crear profundidad, vitalidad y refinados efectos incisales para una est\u00e9tica de primera calidad.<\/td>\n<\/tr>\n<tr data-start=\"6230\" data-end=\"6367\">\n<td data-start=\"6230\" data-end=\"6241\" data-col-size=\"sm\">Lo mejor para<\/td>\n<td data-col-size=\"lg\" data-start=\"6241\" data-end=\"6367\">Reformas de alta gama de sonrisas anteriores que requieren una caracterizaci\u00f3n detallada, una translucidez matizada y una textura superficial realista.<\/td>\n<\/tr>\n<tr data-start=\"6368\" data-end=\"6448\">\n<td data-start=\"6368\" data-end=\"6379\" data-col-size=\"sm\">Material<\/td>\n<td data-col-size=\"lg\" data-start=\"6379\" data-end=\"6448\">N\u00facleo de disilicato de litio + estratificaci\u00f3n de porcelana (reconstrucci\u00f3n est\u00e9tica).<\/td>\n<\/tr>\n<tr data-start=\"6449\" data-end=\"6587\">\n<td data-start=\"6449\" data-end=\"6463\" data-col-size=\"sm\">Indicaciones<\/td>\n<td data-col-size=\"lg\" data-start=\"6463\" data-end=\"6587\">Casos de carillas anteriores (en funci\u00f3n del caso), demandas de color complejas, zonas est\u00e9ticas de alto valor y casos de dise\u00f1o de sonrisas personalizadas.<\/td>\n<\/tr>\n<tr data-start=\"6588\" data-end=\"6730\">\n<td data-start=\"6588\" data-end=\"6605\" data-col-size=\"sm\">Opciones de dise\u00f1o<\/td>\n<td data-col-size=\"lg\" data-start=\"6605\" data-end=\"6730\">Translucidez incisal mejorada, halo, caracterizaci\u00f3n interna y textura superficial personalizada basada en fotos\/referencias.<\/td>\n<\/tr>\n<tr data-start=\"6731\" data-end=\"6906\">\n<td data-start=\"6731\" data-end=\"6758\" data-col-size=\"sm\">Orientaci\u00f3n preparatoria (cl\u00ednica)<\/td>\n<td data-col-size=\"lg\" data-start=\"6758\" data-end=\"6906\">Reducci\u00f3n en funci\u00f3n del caso para favorecer la est\u00e9tica estratificada; proporciona claridad de m\u00e1rgenes, contornos deseados y requisitos de espacio para obtener resultados predecibles.<\/td>\n<\/tr>\n<tr data-start=\"6907\" data-end=\"7061\">\n<td data-start=\"6907\" data-end=\"6934\" data-col-size=\"sm\">Sombra y caracterizaci\u00f3n<\/td>\n<td data-col-size=\"lg\" data-start=\"6934\" data-end=\"7061\">Mejores resultados con sombra + sombra de toc\u00f3n + fotos de alta calidad; notas de caracterizaci\u00f3n opcionales (valor, calidez, translucidez).<\/td>\n<\/tr>\n<tr data-start=\"7062\" data-end=\"7188\">\n<td data-start=\"7062\" data-end=\"7076\" data-col-size=\"sm\">Cementaci\u00f3n<\/td>\n<td data-col-size=\"lg\" data-start=\"7076\" data-end=\"7188\">Normalmente se suministra para protocolos de uni\u00f3n adhesiva; el cl\u00ednico selecciona el sistema de uni\u00f3n final y el color del cemento.<\/td>\n<\/tr>\n<tr data-start=\"7189\" data-end=\"7355\">\n<td data-start=\"7189\" data-end=\"7210\" data-col-size=\"sm\">Qu\u00e9 enviar (B2B)<\/td>\n<td data-col-size=\"lg\" data-start=\"7210\" data-end=\"7355\">Escaneados STL, sombra\/sombra de mu\u00f1\u00f3n, fotos retra\u00eddas + sonrisa, referencias de encerado\/mock-up, notas de l\u00ednea media\/sonrisa y preferencias de textura de superficie.<\/td>\n<\/tr>\n<tr data-start=\"7356\" data-end=\"7500\">\n<td data-start=\"7356\" data-end=\"7367\" data-col-size=\"sm\">Enfoque de control de calidad<\/td>\n<td data-col-size=\"lg\" data-start=\"7367\" data-end=\"7500\">Simetr\u00eda est\u00e9tica entre unidades, dise\u00f1o controlado del borde incisal, integridad del margen y alineaci\u00f3n del acabado superficial con la prescripci\u00f3n.<\/td>\n<\/tr>\n<tr data-start=\"7501\" data-end=\"7638\">\n<td data-start=\"7501\" data-end=\"7509\" data-col-size=\"sm\">Notas<\/td>\n<td data-col-size=\"lg\" data-start=\"7509\" data-end=\"7638\">Comunicar con antelaci\u00f3n los l\u00edmites funcionales (parafunci\u00f3n, orientaci\u00f3n) y las prioridades est\u00e9ticas para lograr una mayor coherencia en todo el caso.<\/td>\n<\/tr>\n<\/tbody>\n<\/table>","protected":false},"excerpt":{"rendered":"<p>Carillas E.max estratificadas de alta calidad con estructura de porcelana para obtener la m\u00e1xima profundidad, vitalidad y una est\u00e9tica anterior refinada.<\/p>","protected":false},"featured_media":554,"template":"","meta":{"_gspb_post_css":""},"product_brand":[],"product_cat":[162],"product_tag":[],"class_list":{"0":"post-579","1":"product","2":"type-product","3":"status-publish","4":"has-post-thumbnail","6":"product_cat-layered-e-max-veneer","8":"first","9":"instock","10":"shipping-taxable","11":"purchasable","12":"product-type-simple"},"_links":{"self":[{"href":"https:\/\/artistdentallab.com\/es\/wp-json\/wp\/v2\/product\/579","targetHints":{"allow":["GET"]}}],"collection":[{"href":"https:\/\/artistdentallab.com\/es\/wp-json\/wp\/v2\/product"}],"about":[{"href":"https:\/\/artistdentallab.com\/es\/wp-json\/wp\/v2\/types\/product"}],"wp:featuredmedia":[{"embeddable":true,"href":"https:\/\/artistdentallab.com\/es\/wp-json\/wp\/v2\/media\/554"}],"wp:attachment":[{"href":"https:\/\/artistdentallab.com\/es\/wp-json\/wp\/v2\/media?parent=579"}],"wp:term":[{"taxonomy":"product_brand","embeddable":true,"href":"https:\/\/artistdentallab.com\/es\/wp-json\/wp\/v2\/product_brand?post=579"},{"taxonomy":"product_cat","embeddable":true,"href":"https:\/\/artistdentallab.com\/es\/wp-json\/wp\/v2\/product_cat?post=579"},{"taxonomy":"product_tag","embeddable":true,"href":"https:\/\/artistdentallab.com\/es\/wp-json\/wp\/v2\/product_tag?post=579"}],"curies":[{"name":"wp","href":"https:\/\/api.w.org\/{rel}","templated":true}]}}