{"id":581,"date":"2026-01-12T07:03:32","date_gmt":"2026-01-12T07:03:32","guid":{"rendered":"https:\/\/artistdentallab.com\/?post_type=product&#038;p=581"},"modified":"2026-01-12T07:04:10","modified_gmt":"2026-01-12T07:04:10","slug":"zirconia-veneer","status":"publish","type":"product","link":"https:\/\/artistdentallab.com\/es\/zirconia-veneer\/","title":{"rendered":"Carilla de circonio"},"content":{"rendered":"<table class=\"w-fit min-w-(--thread-content-width)\" data-start=\"9802\" data-end=\"11198\">\n<thead data-start=\"9802\" data-end=\"9823\">\n<tr data-start=\"9802\" data-end=\"9823\">\n<th data-start=\"9802\" data-end=\"9812\" data-col-size=\"sm\">Secci\u00f3n<\/th>\n<th data-start=\"9812\" data-end=\"9823\" data-col-size=\"lg\">Detalles<\/th>\n<\/tr>\n<\/thead>\n<tbody data-start=\"9834\" data-end=\"11198\">\n<tr data-start=\"9834\" data-end=\"9995\">\n<td data-start=\"9834\" data-end=\"9845\" data-col-size=\"sm\">Visi\u00f3n general<\/td>\n<td data-start=\"9845\" data-end=\"9995\" data-col-size=\"lg\">Carillas de \u00f3xido de circonio de alta resistencia dise\u00f1adas para durar y mantener una est\u00e9tica limpia y moderna, ideales para casos est\u00e9ticos funcionales exigentes.<\/td>\n<\/tr>\n<tr data-start=\"9996\" data-end=\"10150\">\n<td data-start=\"9996\" data-end=\"10007\" data-col-size=\"sm\">Lo mejor para<\/td>\n<td data-start=\"10007\" data-end=\"10150\" data-col-size=\"lg\">Pacientes con mayores exigencias funcionales, casos que necesitan una mayor resistencia a las fracturas y situaciones en las que se prioriza la durabilidad a largo plazo.<\/td>\n<\/tr>\n<tr data-start=\"10151\" data-end=\"10218\">\n<td data-start=\"10151\" data-end=\"10162\" data-col-size=\"sm\">Material<\/td>\n<td data-start=\"10162\" data-end=\"10218\" data-col-size=\"lg\">Circonio monol\u00edtico (dise\u00f1o de la carilla; depende del caso).<\/td>\n<\/tr>\n<tr data-start=\"10219\" data-end=\"10391\">\n<td data-start=\"10219\" data-end=\"10233\" data-col-size=\"sm\">Indicaciones<\/td>\n<td data-start=\"10233\" data-end=\"10391\" data-col-size=\"lg\">Casos de carillas que requieren una mayor durabilidad (seg\u00fan el caso), restauraciones est\u00e9ticas funcionales y condiciones de mordida dif\u00edciles con una planificaci\u00f3n adecuada.<\/td>\n<\/tr>\n<tr data-start=\"10392\" data-end=\"10525\">\n<td data-start=\"10392\" data-end=\"10409\" data-col-size=\"sm\">Opciones de dise\u00f1o<\/td>\n<td data-start=\"10409\" data-end=\"10525\" data-col-size=\"lg\">Contorno monol\u00edtico con control opcional de tinci\u00f3n y acabado; objetivos est\u00e9ticos fijados por notas de color y fotos.<\/td>\n<\/tr>\n<tr data-start=\"10526\" data-end=\"10680\">\n<td data-start=\"10526\" data-end=\"10538\" data-col-size=\"sm\">Est\u00e9tica<\/td>\n<td data-start=\"10538\" data-end=\"10680\" data-col-size=\"lg\">Dise\u00f1ado para proporcionar un aspecto natural mediante un cuidadoso contorneado y acabado; los objetivos de translucidez pueden especificarse por prescripci\u00f3n facultativa.<\/td>\n<\/tr>\n<tr data-start=\"10681\" data-end=\"10805\">\n<td data-start=\"10681\" data-end=\"10695\" data-col-size=\"sm\">Cementaci\u00f3n<\/td>\n<td data-col-size=\"lg\" data-start=\"10695\" data-end=\"10805\">M\u00e9todo de cementaci\u00f3n dependiente del caso seg\u00fan el protocolo del cl\u00ednico (a menudo se utilizan protocolos basados en resina para las carillas).<\/td>\n<\/tr>\n<tr data-start=\"10806\" data-end=\"10948\">\n<td data-start=\"10806\" data-end=\"10827\" data-col-size=\"sm\">Qu\u00e9 enviar (B2B)<\/td>\n<td data-col-size=\"lg\" data-start=\"10827\" data-end=\"10948\">Escaneados STL, sombra + sombra de mu\u00f1\u00f3n, notas oclusales (gu\u00eda\/parafunci\u00f3n), fotos y cualquier objetivo de dise\u00f1o de sonrisa de referencia.<\/td>\n<\/tr>\n<tr data-start=\"10949\" data-end=\"11075\">\n<td data-start=\"10949\" data-end=\"10960\" data-col-size=\"sm\">Enfoque de control de calidad<\/td>\n<td data-col-size=\"lg\" data-start=\"10960\" data-end=\"11075\">Ajuste y m\u00e1rgenes, contactos estables, verificaci\u00f3n del esquema oclusal (seg\u00fan el caso) y uniformidad del acabado superficial.<\/td>\n<\/tr>\n<tr data-start=\"11076\" data-end=\"11198\">\n<td data-start=\"11076\" data-end=\"11084\" data-col-size=\"sm\">Notas<\/td>\n<td data-col-size=\"lg\" data-start=\"11084\" data-end=\"11198\">Comunicar los factores de riesgo funcionales en una fase temprana; proporcionar expectativas est\u00e9ticas claras para equilibrar la durabilidad y el aspecto.<\/td>\n<\/tr>\n<\/tbody>\n<\/table>","protected":false},"excerpt":{"rendered":"<p>Carillas de \u00f3xido de circonio para casos est\u00e9ticos de alta resistencia: dise\u00f1o monol\u00edtico duradero con acabado personalizable para obtener resultados naturales.<\/p>","protected":false},"featured_media":556,"template":"","meta":{"_gspb_post_css":""},"product_brand":[],"product_cat":[164],"product_tag":[],"class_list":{"0":"post-581","1":"product","2":"type-product","3":"status-publish","4":"has-post-thumbnail","6":"product_cat-zirconia-veneer","8":"first","9":"instock","10":"shipping-taxable","11":"purchasable","12":"product-type-simple"},"_links":{"self":[{"href":"https:\/\/artistdentallab.com\/es\/wp-json\/wp\/v2\/product\/581","targetHints":{"allow":["GET"]}}],"collection":[{"href":"https:\/\/artistdentallab.com\/es\/wp-json\/wp\/v2\/product"}],"about":[{"href":"https:\/\/artistdentallab.com\/es\/wp-json\/wp\/v2\/types\/product"}],"wp:featuredmedia":[{"embeddable":true,"href":"https:\/\/artistdentallab.com\/es\/wp-json\/wp\/v2\/media\/556"}],"wp:attachment":[{"href":"https:\/\/artistdentallab.com\/es\/wp-json\/wp\/v2\/media?parent=581"}],"wp:term":[{"taxonomy":"product_brand","embeddable":true,"href":"https:\/\/artistdentallab.com\/es\/wp-json\/wp\/v2\/product_brand?post=581"},{"taxonomy":"product_cat","embeddable":true,"href":"https:\/\/artistdentallab.com\/es\/wp-json\/wp\/v2\/product_cat?post=581"},{"taxonomy":"product_tag","embeddable":true,"href":"https:\/\/artistdentallab.com\/es\/wp-json\/wp\/v2\/product_tag?post=581"}],"curies":[{"name":"wp","href":"https:\/\/api.w.org\/{rel}","templated":true}]}}