{"id":583,"date":"2026-01-12T07:06:15","date_gmt":"2026-01-12T07:06:15","guid":{"rendered":"https:\/\/artistdentallab.com\/?post_type=product&#038;p=583"},"modified":"2026-01-12T07:06:15","modified_gmt":"2026-01-12T07:06:15","slug":"full-e-max-veneer","status":"publish","type":"product","link":"https:\/\/artistdentallab.com\/es\/full-e-max-veneer\/","title":{"rendered":"Chapa completa E.max"},"content":{"rendered":"<table class=\"w-fit min-w-(--thread-content-width)\" data-start=\"13307\" data-end=\"14594\">\n<thead data-start=\"13307\" data-end=\"13328\">\n<tr data-start=\"13307\" data-end=\"13328\">\n<th data-start=\"13307\" data-end=\"13317\" data-col-size=\"sm\">Secci\u00f3n<\/th>\n<th data-start=\"13317\" data-end=\"13328\" data-col-size=\"lg\">Detalles<\/th>\n<\/tr>\n<\/thead>\n<tbody data-start=\"13339\" data-end=\"14594\">\n<tr data-start=\"13339\" data-end=\"13510\">\n<td data-start=\"13339\" data-end=\"13350\" data-col-size=\"sm\">Visi\u00f3n general<\/td>\n<td data-col-size=\"lg\" data-start=\"13350\" data-end=\"13510\">Las carillas E.max de contorno completo (monol\u00edticas) proporcionan un ajuste predecible, una resistencia constante y una translucidez natural, optimizadas para agilizar los flujos de trabajo est\u00e9ticos.<\/td>\n<\/tr>\n<tr data-start=\"13511\" data-end=\"13657\">\n<td data-start=\"13511\" data-end=\"13522\" data-col-size=\"sm\">Lo mejor para<\/td>\n<td data-col-size=\"lg\" data-start=\"13522\" data-end=\"13657\">Casos de mejora de la sonrisa de una o varias unidades que requieren una producci\u00f3n eficaz y resultados uniformes con personalizaci\u00f3n opcional.<\/td>\n<\/tr>\n<tr data-start=\"13658\" data-end=\"13716\">\n<td data-start=\"13658\" data-end=\"13669\" data-col-size=\"sm\">Material<\/td>\n<td data-col-size=\"lg\" data-start=\"13669\" data-end=\"13716\">Disilicato de litio monol\u00edtico (tipo E.max).<\/td>\n<\/tr>\n<tr data-start=\"13717\" data-end=\"13847\">\n<td data-start=\"13717\" data-end=\"13731\" data-col-size=\"sm\">Indicaciones<\/td>\n<td data-col-size=\"lg\" data-start=\"13731\" data-end=\"13847\">Casos de carillas (seg\u00fan el caso) en los que la resistencia, la consistencia del ajuste y la translucidez est\u00e9tica son objetivos cl\u00ednicos clave.<\/td>\n<\/tr>\n<tr data-start=\"13848\" data-end=\"13976\">\n<td data-start=\"13848\" data-end=\"13865\" data-col-size=\"sm\">Opciones de dise\u00f1o<\/td>\n<td data-col-size=\"lg\" data-start=\"13865\" data-end=\"13976\">Anatom\u00eda de contorno completo; tinci\u00f3n personalizada opcional, control del brillo y textura de la superficie para igualar los dientes adyacentes.<\/td>\n<\/tr>\n<tr data-start=\"13977\" data-end=\"14097\">\n<td data-start=\"13977\" data-end=\"13993\" data-col-size=\"sm\">Control de la sombra<\/td>\n<td data-col-size=\"lg\" data-start=\"13993\" data-end=\"14097\">Sombra + sombra de toc\u00f3n + fotos recomendadas para el control del valor\/translucidez y la integraci\u00f3n previsible.<\/td>\n<\/tr>\n<tr data-start=\"14098\" data-end=\"14222\">\n<td data-start=\"14098\" data-end=\"14112\" data-col-size=\"sm\">Cementaci\u00f3n<\/td>\n<td data-col-size=\"lg\" data-start=\"14112\" data-end=\"14222\">Destinado a protocolos de uni\u00f3n adhesiva seg\u00fan preferencia del cl\u00ednico (cemento de resina com\u00fanmente utilizado para carillas).<\/td>\n<\/tr>\n<tr data-start=\"14223\" data-end=\"14351\">\n<td data-start=\"14223\" data-end=\"14244\" data-col-size=\"sm\">Qu\u00e9 enviar (B2B)<\/td>\n<td data-col-size=\"lg\" data-start=\"14244\" data-end=\"14351\">Escaneados STL, notas al margen, sombra\/sombra del mu\u00f1\u00f3n, fotos del paciente y cualquier imagen de encerado\/mock-up o de referencia.<\/td>\n<\/tr>\n<tr data-start=\"14352\" data-end=\"14467\">\n<td data-start=\"14352\" data-end=\"14363\" data-col-size=\"sm\">Enfoque de control de calidad<\/td>\n<td data-col-size=\"lg\" data-start=\"14363\" data-end=\"14467\">M\u00e1rgenes limpios, estabilidad de contacto, refinamiento oclusal (depende del caso) y acabado final consistente.<\/td>\n<\/tr>\n<tr data-start=\"14468\" data-end=\"14594\">\n<td data-start=\"14468\" data-end=\"14476\" data-col-size=\"sm\">Notas<\/td>\n<td data-col-size=\"lg\" data-start=\"14476\" data-end=\"14594\">Proporcionar prioridades est\u00e9ticas (valor\/translucidez\/textura) para obtener resultados coherentes en casos est\u00e9ticos de varias unidades.<\/td>\n<\/tr>\n<\/tbody>\n<\/table>","protected":false},"excerpt":{"rendered":"<p>Carillas monol\u00edticas E.max para un ajuste predecible, una resistencia constante y una est\u00e9tica natural, ideales para flujos de trabajo est\u00e9ticos B2B eficientes.<\/p>","protected":false},"featured_media":552,"template":"","meta":{"_gspb_post_css":""},"product_brand":[],"product_cat":[166],"product_tag":[],"class_list":{"0":"post-583","1":"product","2":"type-product","3":"status-publish","4":"has-post-thumbnail","6":"product_cat-full-e-max-veneer","8":"first","9":"instock","10":"shipping-taxable","11":"purchasable","12":"product-type-simple"},"_links":{"self":[{"href":"https:\/\/artistdentallab.com\/es\/wp-json\/wp\/v2\/product\/583","targetHints":{"allow":["GET"]}}],"collection":[{"href":"https:\/\/artistdentallab.com\/es\/wp-json\/wp\/v2\/product"}],"about":[{"href":"https:\/\/artistdentallab.com\/es\/wp-json\/wp\/v2\/types\/product"}],"wp:featuredmedia":[{"embeddable":true,"href":"https:\/\/artistdentallab.com\/es\/wp-json\/wp\/v2\/media\/552"}],"wp:attachment":[{"href":"https:\/\/artistdentallab.com\/es\/wp-json\/wp\/v2\/media?parent=583"}],"wp:term":[{"taxonomy":"product_brand","embeddable":true,"href":"https:\/\/artistdentallab.com\/es\/wp-json\/wp\/v2\/product_brand?post=583"},{"taxonomy":"product_cat","embeddable":true,"href":"https:\/\/artistdentallab.com\/es\/wp-json\/wp\/v2\/product_cat?post=583"},{"taxonomy":"product_tag","embeddable":true,"href":"https:\/\/artistdentallab.com\/es\/wp-json\/wp\/v2\/product_tag?post=583"}],"curies":[{"name":"wp","href":"https:\/\/api.w.org\/{rel}","templated":true}]}}