{"id":584,"date":"2026-01-12T07:07:19","date_gmt":"2026-01-12T07:07:19","guid":{"rendered":"https:\/\/artistdentallab.com\/?post_type=product&#038;p=584"},"modified":"2026-01-12T07:07:19","modified_gmt":"2026-01-12T07:07:19","slug":"layered-zirconia-crown","status":"publish","type":"product","link":"https:\/\/artistdentallab.com\/es\/layered-zirconia-crown\/","title":{"rendered":"Corona de circonitas en capas"},"content":{"rendered":"<table class=\"w-fit min-w-(--thread-content-width)\" data-start=\"15033\" data-end=\"16442\">\n<thead data-start=\"15033\" data-end=\"15054\">\n<tr data-start=\"15033\" data-end=\"15054\">\n<th data-start=\"15033\" data-end=\"15043\" data-col-size=\"sm\">Secci\u00f3n<\/th>\n<th data-start=\"15043\" data-end=\"15054\" data-col-size=\"lg\">Detalles<\/th>\n<\/tr>\n<\/thead>\n<tbody data-start=\"15065\" data-end=\"16442\">\n<tr data-start=\"15065\" data-end=\"15239\">\n<td data-start=\"15065\" data-end=\"15076\" data-col-size=\"sm\">Visi\u00f3n general<\/td>\n<td data-col-size=\"lg\" data-start=\"15076\" data-end=\"15239\">Coronas de \u00f3xido de circonio estratificado que combinan un n\u00facleo de \u00f3xido de circonio resistente con estratificaci\u00f3n de porcelana para mejorar la profundidad, la translucidez y el detalle de la superficie realista en la zona de la sonrisa.<\/td>\n<\/tr>\n<tr data-start=\"15240\" data-end=\"15391\">\n<td data-start=\"15240\" data-end=\"15251\" data-col-size=\"sm\">Lo mejor para<\/td>\n<td data-col-size=\"lg\" data-start=\"15251\" data-end=\"15391\">Coronas para zonas anteriores y est\u00e9ticas que requieren tanto resistencia como una caracterizaci\u00f3n de primera calidad, especialmente cuando se necesita un alto nivel cosm\u00e9tico.<\/td>\n<\/tr>\n<tr data-start=\"15392\" data-end=\"15462\">\n<td data-start=\"15392\" data-end=\"15403\" data-col-size=\"sm\">Material<\/td>\n<td data-col-size=\"lg\" data-start=\"15403\" data-end=\"15462\">N\u00facleo de zirconia + estratificaci\u00f3n de porcelana (reconstrucci\u00f3n est\u00e9tica).<\/td>\n<\/tr>\n<tr data-start=\"15463\" data-end=\"15604\">\n<td data-start=\"15463\" data-end=\"15477\" data-col-size=\"sm\">Indicaciones<\/td>\n<td data-col-size=\"lg\" data-start=\"15477\" data-end=\"15604\">Coronas anteriores y restauraciones de la zona de la sonrisa (seg\u00fan el caso), casos que necesitan una mayor resistencia con una estratificaci\u00f3n est\u00e9tica mejorada.<\/td>\n<\/tr>\n<tr data-start=\"15605\" data-end=\"15754\">\n<td data-start=\"15605\" data-end=\"15622\" data-col-size=\"sm\">Opciones de dise\u00f1o<\/td>\n<td data-col-size=\"lg\" data-start=\"15622\" data-end=\"15754\">Estratificaci\u00f3n para vitalidad incisal y textura superficial; contorno personalizado, objetivos de translucidez y efectos de color seg\u00fan prescripci\u00f3n.<\/td>\n<\/tr>\n<tr data-start=\"15755\" data-end=\"15899\">\n<td data-start=\"15755\" data-end=\"15772\" data-col-size=\"sm\">Ajuste y funcionamiento<\/td>\n<td data-col-size=\"lg\" data-start=\"15772\" data-end=\"15899\">El n\u00facleo CAD\/CAM permite un ajuste consistente; la estratificaci\u00f3n mejora la est\u00e9tica a la vez que mantiene una fuerte subestructura (depende del caso).<\/td>\n<\/tr>\n<tr data-start=\"15900\" data-end=\"16025\">\n<td data-start=\"15900\" data-end=\"15914\" data-col-size=\"sm\">Cementaci\u00f3n<\/td>\n<td data-col-size=\"lg\" data-start=\"15914\" data-end=\"16025\">Enfoque de cementaci\u00f3n en funci\u00f3n del caso seg\u00fan el protocolo del cl\u00ednico; proporcione notas de retenci\u00f3n de preparaci\u00f3n para una mejor planificaci\u00f3n.<\/td>\n<\/tr>\n<tr data-start=\"16026\" data-end=\"16167\">\n<td data-start=\"16026\" data-end=\"16047\" data-col-size=\"sm\">Qu\u00e9 enviar (B2B)<\/td>\n<td data-col-size=\"lg\" data-start=\"16047\" data-end=\"16167\">Escaneados STL, notas de dise\u00f1o de m\u00e1rgenes, sombra + sombra de mu\u00f1\u00f3n, fotos, gu\u00eda de esquema oclusal y objetivos est\u00e9ticos de referencia.<\/td>\n<\/tr>\n<tr data-start=\"16168\" data-end=\"16312\">\n<td data-start=\"16168\" data-end=\"16179\" data-col-size=\"sm\">Enfoque de control de calidad<\/td>\n<td data-col-size=\"lg\" data-start=\"16179\" data-end=\"16312\">Ajuste del n\u00facleo\/margenes, simetr\u00eda est\u00e9tica de las capas, verificaci\u00f3n del contacto y la oclusi\u00f3n (seg\u00fan el caso) y consistencia del acabado superficial.<\/td>\n<\/tr>\n<tr data-start=\"16313\" data-end=\"16442\">\n<td data-start=\"16313\" data-end=\"16321\" data-col-size=\"sm\">Notas<\/td>\n<td data-col-size=\"lg\" data-start=\"16321\" data-end=\"16442\">Proporcionar unas expectativas est\u00e9ticas y unas limitaciones funcionales claras para equilibrar la durabilidad y un aspecto anterior de primera calidad.<\/td>\n<\/tr>\n<\/tbody>\n<\/table>","protected":false},"excerpt":{"rendered":"<p>Coronas con n\u00facleo de \u00f3xido de circonio con estratificaci\u00f3n de porcelana para una est\u00e9tica anterior de primera calidad: resistentes, precisas y con una bella caracterizaci\u00f3n.<\/p>","protected":false},"featured_media":555,"template":"","meta":{"_gspb_post_css":""},"product_brand":[],"product_cat":[167],"product_tag":[],"class_list":{"0":"post-584","1":"product","2":"type-product","3":"status-publish","4":"has-post-thumbnail","6":"product_cat-layered-zirconia-crown","8":"first","9":"instock","10":"shipping-taxable","11":"purchasable","12":"product-type-simple"},"_links":{"self":[{"href":"https:\/\/artistdentallab.com\/es\/wp-json\/wp\/v2\/product\/584","targetHints":{"allow":["GET"]}}],"collection":[{"href":"https:\/\/artistdentallab.com\/es\/wp-json\/wp\/v2\/product"}],"about":[{"href":"https:\/\/artistdentallab.com\/es\/wp-json\/wp\/v2\/types\/product"}],"wp:featuredmedia":[{"embeddable":true,"href":"https:\/\/artistdentallab.com\/es\/wp-json\/wp\/v2\/media\/555"}],"wp:attachment":[{"href":"https:\/\/artistdentallab.com\/es\/wp-json\/wp\/v2\/media?parent=584"}],"wp:term":[{"taxonomy":"product_brand","embeddable":true,"href":"https:\/\/artistdentallab.com\/es\/wp-json\/wp\/v2\/product_brand?post=584"},{"taxonomy":"product_cat","embeddable":true,"href":"https:\/\/artistdentallab.com\/es\/wp-json\/wp\/v2\/product_cat?post=584"},{"taxonomy":"product_tag","embeddable":true,"href":"https:\/\/artistdentallab.com\/es\/wp-json\/wp\/v2\/product_tag?post=584"}],"curies":[{"name":"wp","href":"https:\/\/api.w.org\/{rel}","templated":true}]}}