{"id":578,"date":"2026-01-12T06:59:46","date_gmt":"2026-01-12T06:59:46","guid":{"rendered":"https:\/\/artistdentallab.com\/?post_type=product&#038;p=578"},"modified":"2026-01-12T07:01:13","modified_gmt":"2026-01-12T07:01:13","slug":"full-contouring-multi-layer-zirconia","status":"publish","type":"product","link":"https:\/\/artistdentallab.com\/fr\/full-contouring-multi-layer-zirconia\/","title":{"rendered":"Zircone multicouche \u00e0 contour complet"},"content":{"rendered":"<table class=\"w-fit min-w-(--thread-content-width)\" data-start=\"4220\" data-end=\"5604\">\n<thead data-start=\"4220\" data-end=\"4241\">\n<tr data-start=\"4220\" data-end=\"4241\">\n<th data-start=\"4220\" data-end=\"4230\" data-col-size=\"sm\">Section<\/th>\n<th data-start=\"4230\" data-end=\"4241\" data-col-size=\"lg\">D\u00e9tails<\/th>\n<\/tr>\n<\/thead>\n<tbody data-start=\"4252\" data-end=\"5604\">\n<tr data-start=\"4252\" data-end=\"4419\">\n<td data-start=\"4252\" data-end=\"4263\" data-col-size=\"sm\">Vue d'ensemble<\/td>\n<td data-start=\"4263\" data-end=\"4419\" data-col-size=\"lg\">Restaurations en zircone multicouches \u00e0 contour complet, con\u00e7ues pour une fonction durable et une mise en \u0153uvre efficace, pr\u00e9sentant un gradient naturel de couleur et de translucidit\u00e9.<\/td>\n<\/tr>\n<tr data-start=\"4420\" data-end=\"4563\">\n<td data-start=\"4420\" data-end=\"4431\" data-col-size=\"sm\">Meilleur pour<\/td>\n<td data-start=\"4431\" data-end=\"4563\" data-col-size=\"lg\">Les cas de r\u00e9sistance post\u00e9rieure, les flux de travail quotidiens pour les couronnes et les bridges, et les patients pour lesquels la r\u00e9sistance \u00e0 l'\u00e9caillage et la fonction sont des priorit\u00e9s.<\/td>\n<\/tr>\n<tr data-start=\"4564\" data-end=\"4625\">\n<td data-start=\"4564\" data-end=\"4575\" data-col-size=\"sm\">Mat\u00e9riau<\/td>\n<td data-start=\"4575\" data-end=\"4625\" data-col-size=\"lg\">Zircone multicouche (monolithique\/contour complet).<\/td>\n<\/tr>\n<tr data-start=\"4626\" data-end=\"4784\">\n<td data-start=\"4626\" data-end=\"4640\" data-col-size=\"sm\">Indications<\/td>\n<td data-start=\"4640\" data-end=\"4784\" data-col-size=\"lg\">Couronnes et bridges (en fonction du cas), restaurations post\u00e9rieures, restaurations sur implants (selon la prescription) et cas d'occlusion fonctionnelle.<\/td>\n<\/tr>\n<tr data-start=\"4785\" data-end=\"4920\">\n<td data-start=\"4785\" data-end=\"4802\" data-col-size=\"sm\">Options de conception<\/td>\n<td data-start=\"4802\" data-end=\"4920\" data-col-size=\"lg\">Anatomie monolithique avec esth\u00e9tique graduelle ; coloration et niveau de gla\u00e7age\/polissage optionnels pour r\u00e9pondre aux pr\u00e9f\u00e9rences cliniques.<\/td>\n<\/tr>\n<tr data-start=\"4921\" data-end=\"5061\">\n<td data-start=\"4921\" data-end=\"4946\" data-col-size=\"sm\">Solidit\u00e9 et fiabilit\u00e9<\/td>\n<td data-start=\"4946\" data-end=\"5061\" data-col-size=\"lg\">La conception monolithique contribue \u00e0 r\u00e9duire le risque d'\u00e9caillage de la porcelaine et favorise une fonction stable \u00e0 long terme (en fonction du cas).<\/td>\n<\/tr>\n<tr data-start=\"5062\" data-end=\"5187\">\n<td data-start=\"5062\" data-end=\"5076\" data-col-size=\"sm\">Cimentation<\/td>\n<td data-start=\"5076\" data-end=\"5187\" data-col-size=\"lg\">Souvent compatible avec un scellement conventionnel ou \u00e0 la r\u00e9sine en fonction de la r\u00e9tention de la pr\u00e9paration et du protocole du clinicien.<\/td>\n<\/tr>\n<tr data-start=\"5188\" data-end=\"5341\">\n<td data-start=\"5188\" data-end=\"5209\" data-col-size=\"sm\">Quoi envoyer (B2B)<\/td>\n<td data-col-size=\"lg\" data-start=\"5209\" data-end=\"5341\">scans STL, notes marginales, conseils sur le sch\u00e9ma occlusal, s\u00e9lection de la teinte (le cas \u00e9ch\u00e9ant), et toutes les exigences en mati\u00e8re d'articulation\/de clart\u00e9.<\/td>\n<\/tr>\n<tr data-start=\"5342\" data-end=\"5479\">\n<td data-start=\"5342\" data-end=\"5353\" data-col-size=\"sm\">Focus QC<\/td>\n<td data-col-size=\"lg\" data-start=\"5353\" data-end=\"5479\">Ajustement de pr\u00e9cision CAD\/CAM, points de contact, v\u00e9rification occlusale (en fonction du cas), contours\/embrasures et coh\u00e9rence de la finition.<\/td>\n<\/tr>\n<tr data-start=\"5480\" data-end=\"5604\">\n<td data-start=\"5480\" data-end=\"5488\" data-col-size=\"sm\">Notes<\/td>\n<td data-col-size=\"lg\" data-start=\"5488\" data-end=\"5604\">Fournir des enregistrements de l'occlusion et des notes occlusales pour des ajustements pr\u00e9visibles au fauteuil et une fonction post\u00e9rieure coh\u00e9rente.<\/td>\n<\/tr>\n<\/tbody>\n<\/table>","protected":false},"excerpt":{"rendered":"<p>Zircone multicouche monolithique pour des couronnes et des bridges de haute r\u00e9sistance avec un gradient naturel et un risque d'\u00e9caillage r\u00e9duit.<\/p>","protected":false},"featured_media":551,"template":"","meta":{"_gspb_post_css":""},"product_brand":[],"product_cat":[161],"product_tag":[],"class_list":{"0":"post-578","1":"product","2":"type-product","3":"status-publish","4":"has-post-thumbnail","6":"product_cat-full-contouring-multi-layer-zirconia","8":"first","9":"instock","10":"shipping-taxable","11":"purchasable","12":"product-type-simple"},"_links":{"self":[{"href":"https:\/\/artistdentallab.com\/fr\/wp-json\/wp\/v2\/product\/578","targetHints":{"allow":["GET"]}}],"collection":[{"href":"https:\/\/artistdentallab.com\/fr\/wp-json\/wp\/v2\/product"}],"about":[{"href":"https:\/\/artistdentallab.com\/fr\/wp-json\/wp\/v2\/types\/product"}],"wp:featuredmedia":[{"embeddable":true,"href":"https:\/\/artistdentallab.com\/fr\/wp-json\/wp\/v2\/media\/551"}],"wp:attachment":[{"href":"https:\/\/artistdentallab.com\/fr\/wp-json\/wp\/v2\/media?parent=578"}],"wp:term":[{"taxonomy":"product_brand","embeddable":true,"href":"https:\/\/artistdentallab.com\/fr\/wp-json\/wp\/v2\/product_brand?post=578"},{"taxonomy":"product_cat","embeddable":true,"href":"https:\/\/artistdentallab.com\/fr\/wp-json\/wp\/v2\/product_cat?post=578"},{"taxonomy":"product_tag","embeddable":true,"href":"https:\/\/artistdentallab.com\/fr\/wp-json\/wp\/v2\/product_tag?post=578"}],"curies":[{"name":"wp","href":"https:\/\/api.w.org\/{rel}","templated":true}]}}