{"id":580,"date":"2026-01-12T07:02:21","date_gmt":"2026-01-12T07:02:21","guid":{"rendered":"https:\/\/artistdentallab.com\/?post_type=product&#038;p=580"},"modified":"2026-01-12T07:04:01","modified_gmt":"2026-01-12T07:04:01","slug":"e-max-crowns","status":"publish","type":"product","link":"https:\/\/artistdentallab.com\/fr\/e-max-crowns\/","title":{"rendered":"Couronnes E.max"},"content":{"rendered":"<table class=\"w-fit min-w-(--thread-content-width)\" data-start=\"8052\" data-end=\"9371\">\n<thead data-start=\"8052\" data-end=\"8073\">\n<tr data-start=\"8052\" data-end=\"8073\">\n<th data-start=\"8052\" data-end=\"8062\" data-col-size=\"sm\">Section<\/th>\n<th data-start=\"8062\" data-end=\"8073\" data-col-size=\"lg\">D\u00e9tails<\/th>\n<\/tr>\n<\/thead>\n<tbody data-start=\"8084\" data-end=\"9371\">\n<tr data-start=\"8084\" data-end=\"8241\">\n<td data-start=\"8084\" data-end=\"8095\" data-col-size=\"sm\">Vue d'ensemble<\/td>\n<td data-col-size=\"lg\" data-start=\"8095\" data-end=\"8241\">Couronnes esth\u00e9tiques en disilicate de lithium con\u00e7ues pour une translucidit\u00e9 naturelle, une anatomie pr\u00e9cise et des performances cliniques fiables dans les zones esth\u00e9tiques.<\/td>\n<\/tr>\n<tr data-start=\"8242\" data-end=\"8368\">\n<td data-start=\"8242\" data-end=\"8253\" data-col-size=\"sm\">Meilleur pour<\/td>\n<td data-col-size=\"lg\" data-start=\"8253\" data-end=\"8368\">Couronnes ant\u00e9rieures et restaurations post\u00e9rieures s\u00e9lectionn\u00e9es (en fonction du cas) o\u00f9 l'esth\u00e9tique et la coh\u00e9rence de l'ajustement sont essentielles.<\/td>\n<\/tr>\n<tr data-start=\"8369\" data-end=\"8424\">\n<td data-start=\"8369\" data-end=\"8380\" data-col-size=\"sm\">Mat\u00e9riau<\/td>\n<td data-col-size=\"lg\" data-start=\"8380\" data-end=\"8424\">C\u00e9ramique au disilicate de lithium (type E.max).<\/td>\n<\/tr>\n<tr data-start=\"8425\" data-end=\"8562\">\n<td data-start=\"8425\" data-end=\"8439\" data-col-size=\"sm\">Indications<\/td>\n<td data-col-size=\"lg\" data-start=\"8439\" data-end=\"8562\">Couronnes uniques (en fonction du cas), restaurations ant\u00e9rieures, cas esth\u00e9tiques de courte dur\u00e9e et planification de la r\u00e9habilitation cosm\u00e9tique.<\/td>\n<\/tr>\n<tr data-start=\"8563\" data-end=\"8716\">\n<td data-start=\"8563\" data-end=\"8580\" data-col-size=\"sm\">Options de conception<\/td>\n<td data-col-size=\"lg\" data-start=\"8580\" data-end=\"8716\">Finition efficace pour une livraison rationalis\u00e9e ; personnalisation esth\u00e9tique am\u00e9lior\u00e9e en option (teinture\/gla\u00e7age, contr\u00f4le de la texture) selon les prescriptions.<\/td>\n<\/tr>\n<tr data-start=\"8717\" data-end=\"8844\">\n<td data-start=\"8717\" data-end=\"8736\" data-col-size=\"sm\">Ombrage et assortiment<\/td>\n<td data-col-size=\"lg\" data-start=\"8736\" data-end=\"8844\">Des photos et des notes sur l'ombrage am\u00e9liorent la pr\u00e9visibilit\u00e9 ; des informations sur l'ombrage des souches soutiennent le contr\u00f4le de la valeur dans les zones plus minces.<\/td>\n<\/tr>\n<tr data-start=\"8845\" data-end=\"8962\">\n<td data-start=\"8845\" data-end=\"8859\" data-col-size=\"sm\">Cimentation<\/td>\n<td data-col-size=\"lg\" data-start=\"8859\" data-end=\"8962\">Approche de scellement en fonction du cas, selon le protocole du clinicien (souvent des options \u00e0 base d'adh\u00e9sif ou de r\u00e9sine).<\/td>\n<\/tr>\n<tr data-start=\"8963\" data-end=\"9094\">\n<td data-start=\"8963\" data-end=\"8984\" data-col-size=\"sm\">Quoi envoyer (B2B)<\/td>\n<td data-col-size=\"lg\" data-start=\"8984\" data-end=\"9094\">Scans STL (pr\u00e9paration\/opposition\/occlusion), notes marginales, teinte + teinte du moignon, photos et conseils occlusaux\/contacts.<\/td>\n<\/tr>\n<tr data-start=\"9095\" data-end=\"9229\">\n<td data-start=\"9095\" data-end=\"9106\" data-col-size=\"sm\">Focus QC<\/td>\n<td data-col-size=\"lg\" data-start=\"9106\" data-end=\"9229\">Marges, contacts proximaux, v\u00e9rification de l'occlusion (en fonction du cas), contour anatomique et finition de surface coh\u00e9rente.<\/td>\n<\/tr>\n<tr data-start=\"9230\" data-end=\"9371\">\n<td data-start=\"9230\" data-end=\"9238\" data-col-size=\"sm\">Notes<\/td>\n<td data-col-size=\"lg\" data-start=\"9238\" data-end=\"9371\">Pour les cas esth\u00e9tiques \u00e0 plusieurs unit\u00e9s, fournir une cible esth\u00e9tique claire (valeur\/translucidit\u00e9) et des images de r\u00e9f\u00e9rence pour des r\u00e9sultats coh\u00e9rents.<\/td>\n<\/tr>\n<\/tbody>\n<\/table>","protected":false},"excerpt":{"rendered":"<p>Couronnes en disilicate de lithium pour une translucidit\u00e9 naturelle, une anatomie pr\u00e9cise et des r\u00e9sultats esth\u00e9tiques fiables dans les processus de restauration quotidiens.<\/p>","protected":false},"featured_media":548,"template":"","meta":{"_gspb_post_css":""},"product_brand":[],"product_cat":[163],"product_tag":[],"class_list":{"0":"post-580","1":"product","2":"type-product","3":"status-publish","4":"has-post-thumbnail","6":"product_cat-e-max-crowns","8":"first","9":"instock","10":"shipping-taxable","11":"purchasable","12":"product-type-simple"},"_links":{"self":[{"href":"https:\/\/artistdentallab.com\/fr\/wp-json\/wp\/v2\/product\/580","targetHints":{"allow":["GET"]}}],"collection":[{"href":"https:\/\/artistdentallab.com\/fr\/wp-json\/wp\/v2\/product"}],"about":[{"href":"https:\/\/artistdentallab.com\/fr\/wp-json\/wp\/v2\/types\/product"}],"wp:featuredmedia":[{"embeddable":true,"href":"https:\/\/artistdentallab.com\/fr\/wp-json\/wp\/v2\/media\/548"}],"wp:attachment":[{"href":"https:\/\/artistdentallab.com\/fr\/wp-json\/wp\/v2\/media?parent=580"}],"wp:term":[{"taxonomy":"product_brand","embeddable":true,"href":"https:\/\/artistdentallab.com\/fr\/wp-json\/wp\/v2\/product_brand?post=580"},{"taxonomy":"product_cat","embeddable":true,"href":"https:\/\/artistdentallab.com\/fr\/wp-json\/wp\/v2\/product_cat?post=580"},{"taxonomy":"product_tag","embeddable":true,"href":"https:\/\/artistdentallab.com\/fr\/wp-json\/wp\/v2\/product_tag?post=580"}],"curies":[{"name":"wp","href":"https:\/\/api.w.org\/{rel}","templated":true}]}}