{"id":581,"date":"2026-01-12T07:03:32","date_gmt":"2026-01-12T07:03:32","guid":{"rendered":"https:\/\/artistdentallab.com\/?post_type=product&#038;p=581"},"modified":"2026-01-12T07:04:10","modified_gmt":"2026-01-12T07:04:10","slug":"zirconia-veneer","status":"publish","type":"product","link":"https:\/\/artistdentallab.com\/fr\/zirconia-veneer\/","title":{"rendered":"Facette en zircone"},"content":{"rendered":"<table class=\"w-fit min-w-(--thread-content-width)\" data-start=\"9802\" data-end=\"11198\">\n<thead data-start=\"9802\" data-end=\"9823\">\n<tr data-start=\"9802\" data-end=\"9823\">\n<th data-start=\"9802\" data-end=\"9812\" data-col-size=\"sm\">Section<\/th>\n<th data-start=\"9812\" data-end=\"9823\" data-col-size=\"lg\">D\u00e9tails<\/th>\n<\/tr>\n<\/thead>\n<tbody data-start=\"9834\" data-end=\"11198\">\n<tr data-start=\"9834\" data-end=\"9995\">\n<td data-start=\"9834\" data-end=\"9845\" data-col-size=\"sm\">Vue d'ensemble<\/td>\n<td data-start=\"9845\" data-end=\"9995\" data-col-size=\"lg\">Les facettes en zircone haute r\u00e9sistance sont con\u00e7ues pour durer tout en conservant une esth\u00e9tique propre et moderne, id\u00e9ale pour les cas de cosm\u00e9tique fonctionnelle exigeants.<\/td>\n<\/tr>\n<tr data-start=\"9996\" data-end=\"10150\">\n<td data-start=\"9996\" data-end=\"10007\" data-col-size=\"sm\">Meilleur pour<\/td>\n<td data-start=\"10007\" data-end=\"10150\" data-col-size=\"lg\">Les patients ayant des exigences fonctionnelles plus \u00e9lev\u00e9es, les cas n\u00e9cessitant une r\u00e9sistance accrue aux fractures et les situations o\u00f9 la durabilit\u00e9 \u00e0 long terme est prioritaire.<\/td>\n<\/tr>\n<tr data-start=\"10151\" data-end=\"10218\">\n<td data-start=\"10151\" data-end=\"10162\" data-col-size=\"sm\">Mat\u00e9riau<\/td>\n<td data-start=\"10162\" data-end=\"10218\" data-col-size=\"lg\">Zircone monolithique (conception de la facette ; en fonction du cas).<\/td>\n<\/tr>\n<tr data-start=\"10219\" data-end=\"10391\">\n<td data-start=\"10219\" data-end=\"10233\" data-col-size=\"sm\">Indications<\/td>\n<td data-start=\"10233\" data-end=\"10391\" data-col-size=\"lg\">Cas de facettes n\u00e9cessitant une durabilit\u00e9 accrue (en fonction du cas), restaurations esth\u00e9tiques fonctionnelles et conditions d'occlusion difficiles avec une planification appropri\u00e9e.<\/td>\n<\/tr>\n<tr data-start=\"10392\" data-end=\"10525\">\n<td data-start=\"10392\" data-end=\"10409\" data-col-size=\"sm\">Options de conception<\/td>\n<td data-start=\"10409\" data-end=\"10525\" data-col-size=\"lg\">Contour monolithique avec contr\u00f4le optionnel de la coloration et de la finition ; objectifs esth\u00e9tiques fix\u00e9s par des notes de teinte et des photos.<\/td>\n<\/tr>\n<tr data-start=\"10526\" data-end=\"10680\">\n<td data-start=\"10526\" data-end=\"10538\" data-col-size=\"sm\">Esth\u00e9tique<\/td>\n<td data-start=\"10538\" data-end=\"10680\" data-col-size=\"lg\">Con\u00e7us pour donner un aspect naturel gr\u00e2ce \u00e0 des contours et des finitions soign\u00e9s, les objectifs de translucidit\u00e9 peuvent \u00eatre sp\u00e9cifi\u00e9s sur ordonnance.<\/td>\n<\/tr>\n<tr data-start=\"10681\" data-end=\"10805\">\n<td data-start=\"10681\" data-end=\"10695\" data-col-size=\"sm\">Cimentation<\/td>\n<td data-col-size=\"lg\" data-start=\"10695\" data-end=\"10805\">Approche de cimentation en fonction du cas, selon le protocole du clinicien (souvent des protocoles \u00e0 base de r\u00e9sine utilis\u00e9s pour les facettes).<\/td>\n<\/tr>\n<tr data-start=\"10806\" data-end=\"10948\">\n<td data-start=\"10806\" data-end=\"10827\" data-col-size=\"sm\">Quoi envoyer (B2B)<\/td>\n<td data-col-size=\"lg\" data-start=\"10827\" data-end=\"10948\">Scans STL, teinte + teinte du moignon, notes occlusales (guidage\/parafonction), photos, et toute r\u00e9f\u00e9rence aux objectifs de conception du sourire.<\/td>\n<\/tr>\n<tr data-start=\"10949\" data-end=\"11075\">\n<td data-start=\"10949\" data-end=\"10960\" data-col-size=\"sm\">Focus QC<\/td>\n<td data-col-size=\"lg\" data-start=\"10960\" data-end=\"11075\">Ajustement et marges, contacts stables, v\u00e9rification du sch\u00e9ma occlusal (en fonction du cas) et uniformit\u00e9 de la finition de surface.<\/td>\n<\/tr>\n<tr data-start=\"11076\" data-end=\"11198\">\n<td data-start=\"11076\" data-end=\"11084\" data-col-size=\"sm\">Notes<\/td>\n<td data-col-size=\"lg\" data-start=\"11084\" data-end=\"11198\">Partager les facteurs de risque fonctionnels d\u00e8s le d\u00e9but ; fournir des attentes esth\u00e9tiques claires afin d'\u00e9quilibrer la durabilit\u00e9 et l'apparence.<\/td>\n<\/tr>\n<\/tbody>\n<\/table>","protected":false},"excerpt":{"rendered":"<p>Facettes en zircone pour les cas cosm\u00e9tiques tr\u00e8s r\u00e9sistants - conception monolithique durable avec finition personnalisable pour des r\u00e9sultats naturels.<\/p>","protected":false},"featured_media":556,"template":"","meta":{"_gspb_post_css":""},"product_brand":[],"product_cat":[164],"product_tag":[],"class_list":{"0":"post-581","1":"product","2":"type-product","3":"status-publish","4":"has-post-thumbnail","6":"product_cat-zirconia-veneer","8":"first","9":"instock","10":"shipping-taxable","11":"purchasable","12":"product-type-simple"},"_links":{"self":[{"href":"https:\/\/artistdentallab.com\/fr\/wp-json\/wp\/v2\/product\/581","targetHints":{"allow":["GET"]}}],"collection":[{"href":"https:\/\/artistdentallab.com\/fr\/wp-json\/wp\/v2\/product"}],"about":[{"href":"https:\/\/artistdentallab.com\/fr\/wp-json\/wp\/v2\/types\/product"}],"wp:featuredmedia":[{"embeddable":true,"href":"https:\/\/artistdentallab.com\/fr\/wp-json\/wp\/v2\/media\/556"}],"wp:attachment":[{"href":"https:\/\/artistdentallab.com\/fr\/wp-json\/wp\/v2\/media?parent=581"}],"wp:term":[{"taxonomy":"product_brand","embeddable":true,"href":"https:\/\/artistdentallab.com\/fr\/wp-json\/wp\/v2\/product_brand?post=581"},{"taxonomy":"product_cat","embeddable":true,"href":"https:\/\/artistdentallab.com\/fr\/wp-json\/wp\/v2\/product_cat?post=581"},{"taxonomy":"product_tag","embeddable":true,"href":"https:\/\/artistdentallab.com\/fr\/wp-json\/wp\/v2\/product_tag?post=581"}],"curies":[{"name":"wp","href":"https:\/\/api.w.org\/{rel}","templated":true}]}}