{"id":584,"date":"2026-01-12T07:07:19","date_gmt":"2026-01-12T07:07:19","guid":{"rendered":"https:\/\/artistdentallab.com\/?post_type=product&#038;p=584"},"modified":"2026-01-12T07:07:19","modified_gmt":"2026-01-12T07:07:19","slug":"layered-zirconia-crown","status":"publish","type":"product","link":"https:\/\/artistdentallab.com\/fr\/layered-zirconia-crown\/","title":{"rendered":"Couronne en zircone stratifi\u00e9e"},"content":{"rendered":"<table class=\"w-fit min-w-(--thread-content-width)\" data-start=\"15033\" data-end=\"16442\">\n<thead data-start=\"15033\" data-end=\"15054\">\n<tr data-start=\"15033\" data-end=\"15054\">\n<th data-start=\"15033\" data-end=\"15043\" data-col-size=\"sm\">Section<\/th>\n<th data-start=\"15043\" data-end=\"15054\" data-col-size=\"lg\">D\u00e9tails<\/th>\n<\/tr>\n<\/thead>\n<tbody data-start=\"15065\" data-end=\"16442\">\n<tr data-start=\"15065\" data-end=\"15239\">\n<td data-start=\"15065\" data-end=\"15076\" data-col-size=\"sm\">Vue d'ensemble<\/td>\n<td data-col-size=\"lg\" data-start=\"15076\" data-end=\"15239\">Couronnes en zircone stratifi\u00e9e combinant un noyau en zircone solide avec une stratification en porcelaine pour am\u00e9liorer la profondeur, la translucidit\u00e9 et les d\u00e9tails de surface r\u00e9alistes dans la zone du sourire.<\/td>\n<\/tr>\n<tr data-start=\"15240\" data-end=\"15391\">\n<td data-start=\"15240\" data-end=\"15251\" data-col-size=\"sm\">Meilleur pour<\/td>\n<td data-col-size=\"lg\" data-start=\"15251\" data-end=\"15391\">Couronnes ant\u00e9rieures et couronnes de la zone esth\u00e9tique n\u00e9cessitant \u00e0 la fois une r\u00e9sistance et une caract\u00e9risation de premier ordre, en particulier lorsqu'une esth\u00e9tique de haut niveau est n\u00e9cessaire.<\/td>\n<\/tr>\n<tr data-start=\"15392\" data-end=\"15462\">\n<td data-start=\"15392\" data-end=\"15403\" data-col-size=\"sm\">Mat\u00e9riau<\/td>\n<td data-col-size=\"lg\" data-start=\"15403\" data-end=\"15462\">Noyau en zircone + stratification en porcelaine (construction esth\u00e9tique).<\/td>\n<\/tr>\n<tr data-start=\"15463\" data-end=\"15604\">\n<td data-start=\"15463\" data-end=\"15477\" data-col-size=\"sm\">Indications<\/td>\n<td data-col-size=\"lg\" data-start=\"15477\" data-end=\"15604\">Couronnes ant\u00e9rieures et restaurations de la zone du sourire (en fonction du cas), cas n\u00e9cessitant une r\u00e9sistance accrue avec une meilleure stratification esth\u00e9tique.<\/td>\n<\/tr>\n<tr data-start=\"15605\" data-end=\"15754\">\n<td data-start=\"15605\" data-end=\"15622\" data-col-size=\"sm\">Options de conception<\/td>\n<td data-col-size=\"lg\" data-start=\"15622\" data-end=\"15754\">Superposition pour la vitalit\u00e9 incisive et la texture de la surface ; contour personnalis\u00e9, objectifs de translucidit\u00e9 et effets de teinte selon la prescription.<\/td>\n<\/tr>\n<tr data-start=\"15755\" data-end=\"15899\">\n<td data-start=\"15755\" data-end=\"15772\" data-col-size=\"sm\">Forme et fonction<\/td>\n<td data-col-size=\"lg\" data-start=\"15772\" data-end=\"15899\">Le noyau CAD\/CAM permet une adaptation coh\u00e9rente ; la stratification am\u00e9liore l'esth\u00e9tique tout en maintenant une sous-structure solide (en fonction du cas).<\/td>\n<\/tr>\n<tr data-start=\"15900\" data-end=\"16025\">\n<td data-start=\"15900\" data-end=\"15914\" data-col-size=\"sm\">Cimentation<\/td>\n<td data-col-size=\"lg\" data-start=\"15914\" data-end=\"16025\">Approche de cimentation en fonction du cas, selon le protocole du clinicien ; fournir des notes de r\u00e9tention de la pr\u00e9paration pour une meilleure planification.<\/td>\n<\/tr>\n<tr data-start=\"16026\" data-end=\"16167\">\n<td data-start=\"16026\" data-end=\"16047\" data-col-size=\"sm\">Quoi envoyer (B2B)<\/td>\n<td data-col-size=\"lg\" data-start=\"16047\" data-end=\"16167\">Scans STL, notes sur la conception des marges, teinte + teinte du moignon, photos, conseils sur le sch\u00e9ma occlusal et objectifs de r\u00e9f\u00e9rence esth\u00e9tiques.<\/td>\n<\/tr>\n<tr data-start=\"16168\" data-end=\"16312\">\n<td data-start=\"16168\" data-end=\"16179\" data-col-size=\"sm\">Focus QC<\/td>\n<td data-col-size=\"lg\" data-start=\"16179\" data-end=\"16312\">Ajustement\/marges du noyau, sym\u00e9trie esth\u00e9tique des couches, v\u00e9rification du contact et de l'occlusion (en fonction du cas) et coh\u00e9rence de la finition de la surface.<\/td>\n<\/tr>\n<tr data-start=\"16313\" data-end=\"16442\">\n<td data-start=\"16313\" data-end=\"16321\" data-col-size=\"sm\">Notes<\/td>\n<td data-col-size=\"lg\" data-start=\"16321\" data-end=\"16442\">Fournir des attentes esth\u00e9tiques claires et des contraintes fonctionnelles afin d'\u00e9quilibrer la durabilit\u00e9 et l'aspect ant\u00e9rieur de premi\u00e8re qualit\u00e9.<\/td>\n<\/tr>\n<\/tbody>\n<\/table>","protected":false},"excerpt":{"rendered":"<p>Couronnes \u00e0 noyau en zircone avec stratification en porcelaine pour une esth\u00e9tique ant\u00e9rieure de premi\u00e8re qualit\u00e9 - solide, pr\u00e9cise et magnifiquement caract\u00e9ris\u00e9e.<\/p>","protected":false},"featured_media":555,"template":"","meta":{"_gspb_post_css":""},"product_brand":[],"product_cat":[167],"product_tag":[],"class_list":{"0":"post-584","1":"product","2":"type-product","3":"status-publish","4":"has-post-thumbnail","6":"product_cat-layered-zirconia-crown","8":"first","9":"instock","10":"shipping-taxable","11":"purchasable","12":"product-type-simple"},"_links":{"self":[{"href":"https:\/\/artistdentallab.com\/fr\/wp-json\/wp\/v2\/product\/584","targetHints":{"allow":["GET"]}}],"collection":[{"href":"https:\/\/artistdentallab.com\/fr\/wp-json\/wp\/v2\/product"}],"about":[{"href":"https:\/\/artistdentallab.com\/fr\/wp-json\/wp\/v2\/types\/product"}],"wp:featuredmedia":[{"embeddable":true,"href":"https:\/\/artistdentallab.com\/fr\/wp-json\/wp\/v2\/media\/555"}],"wp:attachment":[{"href":"https:\/\/artistdentallab.com\/fr\/wp-json\/wp\/v2\/media?parent=584"}],"wp:term":[{"taxonomy":"product_brand","embeddable":true,"href":"https:\/\/artistdentallab.com\/fr\/wp-json\/wp\/v2\/product_brand?post=584"},{"taxonomy":"product_cat","embeddable":true,"href":"https:\/\/artistdentallab.com\/fr\/wp-json\/wp\/v2\/product_cat?post=584"},{"taxonomy":"product_tag","embeddable":true,"href":"https:\/\/artistdentallab.com\/fr\/wp-json\/wp\/v2\/product_tag?post=584"}],"curies":[{"name":"wp","href":"https:\/\/api.w.org\/{rel}","templated":true}]}}