{"id":577,"date":"2026-01-12T06:58:27","date_gmt":"2026-01-12T06:58:27","guid":{"rendered":"https:\/\/artistdentallab.com\/?post_type=product&#038;p=577"},"modified":"2026-01-12T06:58:27","modified_gmt":"2026-01-12T06:58:27","slug":"e-max-veneer","status":"publish","type":"product","link":"https:\/\/artistdentallab.com\/it\/e-max-veneer\/","title":{"rendered":"E.max Impiallacciatura"},"content":{"rendered":"<table class=\"w-fit min-w-(--thread-content-width)\" data-start=\"2217\" data-end=\"3779\">\n<thead data-start=\"2217\" data-end=\"2238\">\n<tr data-start=\"2217\" data-end=\"2238\">\n<th data-start=\"2217\" data-end=\"2227\" data-col-size=\"sm\">Sezione<\/th>\n<th data-start=\"2227\" data-end=\"2238\" data-col-size=\"lg\">Dettagli<\/th>\n<\/tr>\n<\/thead>\n<tbody data-start=\"2249\" data-end=\"3779\">\n<tr data-start=\"2249\" data-end=\"2405\">\n<td data-start=\"2249\" data-end=\"2260\" data-col-size=\"sm\">Panoramica<\/td>\n<td data-start=\"2260\" data-end=\"2405\" data-col-size=\"lg\">Faccette in disilicato di litio (E.max) progettate per bilanciare una resistenza affidabile con una traslucenza altamente estetica per risultati estetici prevedibili.<\/td>\n<\/tr>\n<tr data-start=\"2406\" data-end=\"2547\">\n<td data-start=\"2406\" data-end=\"2417\" data-col-size=\"sm\">Il migliore per<\/td>\n<td data-start=\"2417\" data-end=\"2547\" data-col-size=\"lg\">Casi di faccette conservative, miglioramenti del sorriso da una a pi\u00f9 unit\u00e0 e flussi di lavoro che necessitano di un adattamento costante e di prestazioni cromatiche.<\/td>\n<\/tr>\n<tr data-start=\"2548\" data-end=\"2603\">\n<td data-start=\"2548\" data-end=\"2559\" data-col-size=\"sm\">Materiale<\/td>\n<td data-start=\"2559\" data-end=\"2603\" data-col-size=\"lg\">Ceramica al disilicato di litio (tipo E.max).<\/td>\n<\/tr>\n<tr data-start=\"2604\" data-end=\"2753\">\n<td data-start=\"2604\" data-end=\"2618\" data-col-size=\"sm\">Indicazioni<\/td>\n<td data-start=\"2618\" data-end=\"2753\" data-col-size=\"lg\">Faccette anteriori e premolari (a seconda dei casi), correzione della forma, moderato miglioramento del colore e pianificazione della riabilitazione estetica.<\/td>\n<\/tr>\n<tr data-start=\"2754\" data-end=\"2902\">\n<td data-start=\"2754\" data-end=\"2771\" data-col-size=\"sm\">Opzioni di design<\/td>\n<td data-col-size=\"lg\" data-start=\"2771\" data-end=\"2902\">Design prescritto per il rivestimento estetico (finestra\/giunzione di taglio\/avvolgimento); texture superficiale opzionale e colorazione\/glasura personalizzata per adattarsi alla dentatura adiacente.<\/td>\n<\/tr>\n<tr data-start=\"2903\" data-end=\"3064\">\n<td data-start=\"2903\" data-end=\"2930\" data-col-size=\"sm\">Guida alla preparazione (clinica)<\/td>\n<td data-col-size=\"lg\" data-start=\"2930\" data-end=\"3064\">Riduzione delle faccette con preparazione minima o standard (a seconda dei casi); definizione chiara dei margini e note di riduzione per migliorare l'adattamento e l'estetica.<\/td>\n<\/tr>\n<tr data-start=\"3065\" data-end=\"3209\">\n<td data-start=\"3065\" data-end=\"3085\" data-col-size=\"sm\">Ombra ed estetica<\/td>\n<td data-col-size=\"lg\" data-start=\"3085\" data-end=\"3209\">La corrispondenza delle tonalit\u00e0 \u00e8 supportata da foto e note; gli obiettivi di traslucenza\/valore possono essere specificati per un'integrazione prevedibile.<\/td>\n<\/tr>\n<tr data-start=\"3210\" data-end=\"3342\">\n<td data-start=\"3210\" data-end=\"3224\" data-col-size=\"sm\">Cementazione<\/td>\n<td data-col-size=\"lg\" data-start=\"3224\" data-end=\"3342\">Comunemente viene posizionato con protocolli di cemento resinoso adesivo; il medico deve selezionare il sistema di incollaggio adatto al caso.<\/td>\n<\/tr>\n<tr data-start=\"3343\" data-end=\"3504\">\n<td data-start=\"3343\" data-end=\"3364\" data-col-size=\"sm\">Cosa inviare (B2B)<\/td>\n<td data-col-size=\"lg\" data-start=\"3364\" data-end=\"3504\">Scansioni STL (preparazione\/opposizione\/bite), colore + colore del moncone, foto (retratto + sorriso), note sulla linea di margine\/finitura e obiettivi estetici di riferimento.<\/td>\n<\/tr>\n<tr data-start=\"3505\" data-end=\"3634\">\n<td data-start=\"3505\" data-end=\"3516\" data-col-size=\"sm\">Focus CQ<\/td>\n<td data-col-size=\"lg\" data-start=\"3516\" data-end=\"3634\">Margini puliti, contatti stabili, schema occlusale prevedibile (dipendente dal caso) e finitura superficiale finale coerente.<\/td>\n<\/tr>\n<tr data-start=\"3635\" data-end=\"3779\">\n<td data-start=\"3635\" data-end=\"3643\" data-col-size=\"sm\">Note<\/td>\n<td data-start=\"3643\" data-end=\"3779\" data-col-size=\"lg\">Condividere la guida occlusale e le priorit\u00e0 estetiche (valore, traslucenza, effetti incisali) per ottenere la massima coerenza tra i casi di pi\u00f9 unit\u00e0.<\/td>\n<\/tr>\n<\/tbody>\n<\/table>","protected":false},"excerpt":{"rendered":"<p>Faccette in disilicato di litio con traslucenza naturale, resistenza affidabile e adattamento preciso per casi cosmetici semplificati.<\/p>","protected":false},"featured_media":549,"template":"","meta":{"_gspb_post_css":""},"product_brand":[],"product_cat":[160],"product_tag":[],"class_list":{"0":"post-577","1":"product","2":"type-product","3":"status-publish","4":"has-post-thumbnail","6":"product_cat-e-max-veneer","8":"first","9":"instock","10":"shipping-taxable","11":"purchasable","12":"product-type-simple"},"_links":{"self":[{"href":"https:\/\/artistdentallab.com\/it\/wp-json\/wp\/v2\/product\/577","targetHints":{"allow":["GET"]}}],"collection":[{"href":"https:\/\/artistdentallab.com\/it\/wp-json\/wp\/v2\/product"}],"about":[{"href":"https:\/\/artistdentallab.com\/it\/wp-json\/wp\/v2\/types\/product"}],"wp:featuredmedia":[{"embeddable":true,"href":"https:\/\/artistdentallab.com\/it\/wp-json\/wp\/v2\/media\/549"}],"wp:attachment":[{"href":"https:\/\/artistdentallab.com\/it\/wp-json\/wp\/v2\/media?parent=577"}],"wp:term":[{"taxonomy":"product_brand","embeddable":true,"href":"https:\/\/artistdentallab.com\/it\/wp-json\/wp\/v2\/product_brand?post=577"},{"taxonomy":"product_cat","embeddable":true,"href":"https:\/\/artistdentallab.com\/it\/wp-json\/wp\/v2\/product_cat?post=577"},{"taxonomy":"product_tag","embeddable":true,"href":"https:\/\/artistdentallab.com\/it\/wp-json\/wp\/v2\/product_tag?post=577"}],"curies":[{"name":"wp","href":"https:\/\/api.w.org\/{rel}","templated":true}]}}