{"id":578,"date":"2026-01-12T06:59:46","date_gmt":"2026-01-12T06:59:46","guid":{"rendered":"https:\/\/artistdentallab.com\/?post_type=product&#038;p=578"},"modified":"2026-01-12T07:01:13","modified_gmt":"2026-01-12T07:01:13","slug":"full-contouring-multi-layer-zirconia","status":"publish","type":"product","link":"https:\/\/artistdentallab.com\/pt\/full-contouring-multi-layer-zirconia\/","title":{"rendered":"Zirc\u00f3nia multicamada de contorno completo"},"content":{"rendered":"<table class=\"w-fit min-w-(--thread-content-width)\" data-start=\"4220\" data-end=\"5604\">\n<thead data-start=\"4220\" data-end=\"4241\">\n<tr data-start=\"4220\" data-end=\"4241\">\n<th data-start=\"4220\" data-end=\"4230\" data-col-size=\"sm\">Sec\u00e7\u00e3o<\/th>\n<th data-start=\"4230\" data-end=\"4241\" data-col-size=\"lg\">Detalhes<\/th>\n<\/tr>\n<\/thead>\n<tbody data-start=\"4252\" data-end=\"5604\">\n<tr data-start=\"4252\" data-end=\"4419\">\n<td data-start=\"4252\" data-end=\"4263\" data-col-size=\"sm\">Vis\u00e3o geral<\/td>\n<td data-start=\"4263\" data-end=\"4419\" data-col-size=\"lg\">Restaura\u00e7\u00f5es de zirc\u00f3nia multicamadas de contorno completo, constru\u00eddas para uma fun\u00e7\u00e3o duradoura e uma entrega eficiente, apresentando um gradiente natural de cor e translucidez.<\/td>\n<\/tr>\n<tr data-start=\"4420\" data-end=\"4563\">\n<td data-start=\"4420\" data-end=\"4431\" data-col-size=\"sm\">Melhor para<\/td>\n<td data-start=\"4431\" data-end=\"4563\" data-col-size=\"lg\">Casos de resist\u00eancia posterior, fluxos de trabalho quotidianos de coroas e pontes e pacientes em que a resist\u00eancia \u00e0s lascas e a fun\u00e7\u00e3o s\u00e3o priorit\u00e1rias.<\/td>\n<\/tr>\n<tr data-start=\"4564\" data-end=\"4625\">\n<td data-start=\"4564\" data-end=\"4575\" data-col-size=\"sm\">Material<\/td>\n<td data-start=\"4575\" data-end=\"4625\" data-col-size=\"lg\">Zirc\u00f3nio multicamada (monol\u00edtico\/contorno completo).<\/td>\n<\/tr>\n<tr data-start=\"4626\" data-end=\"4784\">\n<td data-start=\"4626\" data-end=\"4640\" data-col-size=\"sm\">Indica\u00e7\u00f5es<\/td>\n<td data-start=\"4640\" data-end=\"4784\" data-col-size=\"lg\">Coroas e pontes (dependendo do caso), restaura\u00e7\u00f5es posteriores, restaura\u00e7\u00f5es suportadas por implantes (conforme prescrito) e casos de oclus\u00e3o funcional.<\/td>\n<\/tr>\n<tr data-start=\"4785\" data-end=\"4920\">\n<td data-start=\"4785\" data-end=\"4802\" data-col-size=\"sm\">Op\u00e7\u00f5es de design<\/td>\n<td data-start=\"4802\" data-end=\"4920\" data-col-size=\"lg\">Anatomia monol\u00edtica com est\u00e9tica gradiente; colora\u00e7\u00e3o opcional e n\u00edvel de brilho\/polimento para corresponder \u00e0 prefer\u00eancia cl\u00ednica.<\/td>\n<\/tr>\n<tr data-start=\"4921\" data-end=\"5061\">\n<td data-start=\"4921\" data-end=\"4946\" data-col-size=\"sm\">Resist\u00eancia e fiabilidade<\/td>\n<td data-start=\"4946\" data-end=\"5061\" data-col-size=\"lg\">O desenho monol\u00edtico ajuda a reduzir o risco de lascagem da porcelana e apoia uma fun\u00e7\u00e3o est\u00e1vel a longo prazo (dependente do caso).<\/td>\n<\/tr>\n<tr data-start=\"5062\" data-end=\"5187\">\n<td data-start=\"5062\" data-end=\"5076\" data-col-size=\"sm\">Cimenta\u00e7\u00e3o<\/td>\n<td data-start=\"5076\" data-end=\"5187\" data-col-size=\"lg\">Frequentemente compat\u00edvel com a cimenta\u00e7\u00e3o convencional ou de resina, dependendo da reten\u00e7\u00e3o da prepara\u00e7\u00e3o e do protocolo do cl\u00ednico.<\/td>\n<\/tr>\n<tr data-start=\"5188\" data-end=\"5341\">\n<td data-start=\"5188\" data-end=\"5209\" data-col-size=\"sm\">O que enviar (B2B)<\/td>\n<td data-col-size=\"lg\" data-start=\"5209\" data-end=\"5341\">Digitaliza\u00e7\u00f5es STL, notas de margem, orienta\u00e7\u00e3o do esquema oclusal, sele\u00e7\u00e3o da cor (se aplic\u00e1vel) e quaisquer requisitos de articula\u00e7\u00e3o\/compensa\u00e7\u00e3o.<\/td>\n<\/tr>\n<tr data-start=\"5342\" data-end=\"5479\">\n<td data-start=\"5342\" data-end=\"5353\" data-col-size=\"sm\">Foco no CQ<\/td>\n<td data-col-size=\"lg\" data-start=\"5353\" data-end=\"5479\">Ajuste de precis\u00e3o CAD\/CAM, pontos de contacto, verifica\u00e7\u00e3o oclusal (dependente do caso), contorno\/embrasaduras e consist\u00eancia do acabamento.<\/td>\n<\/tr>\n<tr data-start=\"5480\" data-end=\"5604\">\n<td data-start=\"5480\" data-end=\"5488\" data-col-size=\"sm\">Notas<\/td>\n<td data-col-size=\"lg\" data-start=\"5488\" data-end=\"5604\">Fornecer registos de mordida e notas oclusais para ajustes previs\u00edveis na cadeira e uma fun\u00e7\u00e3o posterior consistente.<\/td>\n<\/tr>\n<\/tbody>\n<\/table>","protected":false},"excerpt":{"rendered":"<p>Zirc\u00f3nia monol\u00edtica multicamada para coroas e pontes de alta resist\u00eancia com um gradiente natural e risco reduzido de lascar.<\/p>","protected":false},"featured_media":551,"template":"","meta":{"_gspb_post_css":""},"product_brand":[],"product_cat":[161],"product_tag":[],"class_list":{"0":"post-578","1":"product","2":"type-product","3":"status-publish","4":"has-post-thumbnail","6":"product_cat-full-contouring-multi-layer-zirconia","8":"first","9":"instock","10":"shipping-taxable","11":"purchasable","12":"product-type-simple"},"_links":{"self":[{"href":"https:\/\/artistdentallab.com\/pt\/wp-json\/wp\/v2\/product\/578","targetHints":{"allow":["GET"]}}],"collection":[{"href":"https:\/\/artistdentallab.com\/pt\/wp-json\/wp\/v2\/product"}],"about":[{"href":"https:\/\/artistdentallab.com\/pt\/wp-json\/wp\/v2\/types\/product"}],"wp:featuredmedia":[{"embeddable":true,"href":"https:\/\/artistdentallab.com\/pt\/wp-json\/wp\/v2\/media\/551"}],"wp:attachment":[{"href":"https:\/\/artistdentallab.com\/pt\/wp-json\/wp\/v2\/media?parent=578"}],"wp:term":[{"taxonomy":"product_brand","embeddable":true,"href":"https:\/\/artistdentallab.com\/pt\/wp-json\/wp\/v2\/product_brand?post=578"},{"taxonomy":"product_cat","embeddable":true,"href":"https:\/\/artistdentallab.com\/pt\/wp-json\/wp\/v2\/product_cat?post=578"},{"taxonomy":"product_tag","embeddable":true,"href":"https:\/\/artistdentallab.com\/pt\/wp-json\/wp\/v2\/product_tag?post=578"}],"curies":[{"name":"wp","href":"https:\/\/api.w.org\/{rel}","templated":true}]}}