{"id":579,"date":"2026-01-12T07:00:55","date_gmt":"2026-01-12T07:00:55","guid":{"rendered":"https:\/\/artistdentallab.com\/?post_type=product&#038;p=579"},"modified":"2026-01-12T07:01:21","modified_gmt":"2026-01-12T07:01:21","slug":"layered-e-max-veneer","status":"publish","type":"product","link":"https:\/\/artistdentallab.com\/pt\/layered-e-max-veneer\/","title":{"rendered":"Folheado E.max em camadas"},"content":{"rendered":"<table class=\"w-fit min-w-(--thread-content-width)\" data-start=\"6023\" data-end=\"7638\">\n<thead data-start=\"6023\" data-end=\"6044\">\n<tr data-start=\"6023\" data-end=\"6044\">\n<th data-start=\"6023\" data-end=\"6033\" data-col-size=\"sm\">Sec\u00e7\u00e3o<\/th>\n<th data-start=\"6033\" data-end=\"6044\" data-col-size=\"lg\">Detalhes<\/th>\n<\/tr>\n<\/thead>\n<tbody data-start=\"6055\" data-end=\"7638\">\n<tr data-start=\"6055\" data-end=\"6229\">\n<td data-start=\"6055\" data-end=\"6066\" data-col-size=\"sm\">Vis\u00e3o geral<\/td>\n<td data-col-size=\"lg\" data-start=\"6066\" data-end=\"6229\">As facetas Layered E.max combinam um n\u00facleo de dissilicato de l\u00edtio com camadas de porcelana para criar profundidade, vitalidade e efeitos incisais refinados para uma est\u00e9tica premium.<\/td>\n<\/tr>\n<tr data-start=\"6230\" data-end=\"6367\">\n<td data-start=\"6230\" data-end=\"6241\" data-col-size=\"sm\">Melhor para<\/td>\n<td data-col-size=\"lg\" data-start=\"6241\" data-end=\"6367\">Remodela\u00e7\u00f5es de sorrisos anteriores de alta qualidade que requerem uma carateriza\u00e7\u00e3o pormenorizada, uma translucidez matizada e uma textura de superf\u00edcie realista.<\/td>\n<\/tr>\n<tr data-start=\"6368\" data-end=\"6448\">\n<td data-start=\"6368\" data-end=\"6379\" data-col-size=\"sm\">Material<\/td>\n<td data-col-size=\"lg\" data-start=\"6379\" data-end=\"6448\">N\u00facleo de dissilicato de l\u00edtio + estratifica\u00e7\u00e3o de porcelana (constru\u00e7\u00e3o est\u00e9tica).<\/td>\n<\/tr>\n<tr data-start=\"6449\" data-end=\"6587\">\n<td data-start=\"6449\" data-end=\"6463\" data-col-size=\"sm\">Indica\u00e7\u00f5es<\/td>\n<td data-col-size=\"lg\" data-start=\"6463\" data-end=\"6587\">Casos de facetas anteriores (dependendo do caso), exig\u00eancias de cor complexas, zonas est\u00e9ticas de elevado valor e casos de design de sorriso personalizado.<\/td>\n<\/tr>\n<tr data-start=\"6588\" data-end=\"6730\">\n<td data-start=\"6588\" data-end=\"6605\" data-col-size=\"sm\">Op\u00e7\u00f5es de design<\/td>\n<td data-col-size=\"lg\" data-start=\"6605\" data-end=\"6730\">Translucidez incisal melhorada, aur\u00e9ola, carateriza\u00e7\u00e3o interna e textura de superf\u00edcie personalizada com base em fotografias\/refer\u00eancia.<\/td>\n<\/tr>\n<tr data-start=\"6731\" data-end=\"6906\">\n<td data-start=\"6731\" data-end=\"6758\" data-col-size=\"sm\">Orienta\u00e7\u00e3o Preparat\u00f3ria (Cl\u00ednica)<\/td>\n<td data-col-size=\"lg\" data-start=\"6758\" data-end=\"6906\">Redu\u00e7\u00e3o dependente do caso para apoiar a est\u00e9tica em camadas; proporcionar clareza das margens, contornos desejados e requisitos de espa\u00e7o para resultados previs\u00edveis.<\/td>\n<\/tr>\n<tr data-start=\"6907\" data-end=\"7061\">\n<td data-start=\"6907\" data-end=\"6934\" data-col-size=\"sm\">Sombra e carateriza\u00e7\u00e3o<\/td>\n<td data-col-size=\"lg\" data-start=\"6934\" data-end=\"7061\">Melhores resultados com sombra + sombra de cepo + fotografias de alta qualidade; notas de carateriza\u00e7\u00e3o opcionais (valor, calor, translucidez).<\/td>\n<\/tr>\n<tr data-start=\"7062\" data-end=\"7188\">\n<td data-start=\"7062\" data-end=\"7076\" data-col-size=\"sm\">Cimenta\u00e7\u00e3o<\/td>\n<td data-col-size=\"lg\" data-start=\"7076\" data-end=\"7188\">Normalmente fornecido para protocolos de liga\u00e7\u00e3o adesiva; o cl\u00ednico seleciona o sistema de liga\u00e7\u00e3o final e a cor do cimento.<\/td>\n<\/tr>\n<tr data-start=\"7189\" data-end=\"7355\">\n<td data-start=\"7189\" data-end=\"7210\" data-col-size=\"sm\">O que enviar (B2B)<\/td>\n<td data-col-size=\"lg\" data-start=\"7210\" data-end=\"7355\">Digitaliza\u00e7\u00f5es STL, sombra\/coto de sombra, fotos retra\u00eddas + sorriso, refer\u00eancias de enceramento\/mock-up, notas de linha m\u00e9dia\/linha de sorriso e prefer\u00eancias de textura de superf\u00edcie.<\/td>\n<\/tr>\n<tr data-start=\"7356\" data-end=\"7500\">\n<td data-start=\"7356\" data-end=\"7367\" data-col-size=\"sm\">Foco no CQ<\/td>\n<td data-col-size=\"lg\" data-start=\"7367\" data-end=\"7500\">Simetria est\u00e9tica entre unidades, desenho controlado do bordo incisal, integridade da margem e alinhamento do acabamento da superf\u00edcie com a prescri\u00e7\u00e3o.<\/td>\n<\/tr>\n<tr data-start=\"7501\" data-end=\"7638\">\n<td data-start=\"7501\" data-end=\"7509\" data-col-size=\"sm\">Notas<\/td>\n<td data-col-size=\"lg\" data-start=\"7509\" data-end=\"7638\">Comunicar atempadamente os limites funcionais (parafun\u00e7\u00e3o, orienta\u00e7\u00e3o) e as prioridades est\u00e9ticas para obter uma consist\u00eancia de qualidade em todo o caso.<\/td>\n<\/tr>\n<\/tbody>\n<\/table>","protected":false},"excerpt":{"rendered":"<p>Facetas E.max de alta qualidade com camadas de porcelana para m\u00e1xima profundidade, vitalidade e est\u00e9tica anterior refinada.<\/p>","protected":false},"featured_media":554,"template":"","meta":{"_gspb_post_css":""},"product_brand":[],"product_cat":[162],"product_tag":[],"class_list":{"0":"post-579","1":"product","2":"type-product","3":"status-publish","4":"has-post-thumbnail","6":"product_cat-layered-e-max-veneer","8":"first","9":"instock","10":"shipping-taxable","11":"purchasable","12":"product-type-simple"},"_links":{"self":[{"href":"https:\/\/artistdentallab.com\/pt\/wp-json\/wp\/v2\/product\/579","targetHints":{"allow":["GET"]}}],"collection":[{"href":"https:\/\/artistdentallab.com\/pt\/wp-json\/wp\/v2\/product"}],"about":[{"href":"https:\/\/artistdentallab.com\/pt\/wp-json\/wp\/v2\/types\/product"}],"wp:featuredmedia":[{"embeddable":true,"href":"https:\/\/artistdentallab.com\/pt\/wp-json\/wp\/v2\/media\/554"}],"wp:attachment":[{"href":"https:\/\/artistdentallab.com\/pt\/wp-json\/wp\/v2\/media?parent=579"}],"wp:term":[{"taxonomy":"product_brand","embeddable":true,"href":"https:\/\/artistdentallab.com\/pt\/wp-json\/wp\/v2\/product_brand?post=579"},{"taxonomy":"product_cat","embeddable":true,"href":"https:\/\/artistdentallab.com\/pt\/wp-json\/wp\/v2\/product_cat?post=579"},{"taxonomy":"product_tag","embeddable":true,"href":"https:\/\/artistdentallab.com\/pt\/wp-json\/wp\/v2\/product_tag?post=579"}],"curies":[{"name":"wp","href":"https:\/\/api.w.org\/{rel}","templated":true}]}}