{"id":580,"date":"2026-01-12T07:02:21","date_gmt":"2026-01-12T07:02:21","guid":{"rendered":"https:\/\/artistdentallab.com\/?post_type=product&#038;p=580"},"modified":"2026-01-12T07:04:01","modified_gmt":"2026-01-12T07:04:01","slug":"e-max-crowns","status":"publish","type":"product","link":"https:\/\/artistdentallab.com\/pt\/e-max-crowns\/","title":{"rendered":"E.max Coroas"},"content":{"rendered":"<table class=\"w-fit min-w-(--thread-content-width)\" data-start=\"8052\" data-end=\"9371\">\n<thead data-start=\"8052\" data-end=\"8073\">\n<tr data-start=\"8052\" data-end=\"8073\">\n<th data-start=\"8052\" data-end=\"8062\" data-col-size=\"sm\">Sec\u00e7\u00e3o<\/th>\n<th data-start=\"8062\" data-end=\"8073\" data-col-size=\"lg\">Detalhes<\/th>\n<\/tr>\n<\/thead>\n<tbody data-start=\"8084\" data-end=\"9371\">\n<tr data-start=\"8084\" data-end=\"8241\">\n<td data-start=\"8084\" data-end=\"8095\" data-col-size=\"sm\">Vis\u00e3o geral<\/td>\n<td data-col-size=\"lg\" data-start=\"8095\" data-end=\"8241\">Coroas est\u00e9ticas de dissilicato de l\u00edtio concebidas para uma translucidez natural, uma anatomia precisa e um desempenho cl\u00ednico fi\u00e1vel em zonas est\u00e9ticas.<\/td>\n<\/tr>\n<tr data-start=\"8242\" data-end=\"8368\">\n<td data-start=\"8242\" data-end=\"8253\" data-col-size=\"sm\">Melhor para<\/td>\n<td data-col-size=\"lg\" data-start=\"8253\" data-end=\"8368\">Coroas anteriores e restaura\u00e7\u00f5es posteriores selecionadas (dependendo do caso) em que a est\u00e9tica e a consist\u00eancia da adapta\u00e7\u00e3o s\u00e3o fundamentais.<\/td>\n<\/tr>\n<tr data-start=\"8369\" data-end=\"8424\">\n<td data-start=\"8369\" data-end=\"8380\" data-col-size=\"sm\">Material<\/td>\n<td data-col-size=\"lg\" data-start=\"8380\" data-end=\"8424\">Cer\u00e2mica de dissilicato de l\u00edtio (tipo E.max).<\/td>\n<\/tr>\n<tr data-start=\"8425\" data-end=\"8562\">\n<td data-start=\"8425\" data-end=\"8439\" data-col-size=\"sm\">Indica\u00e7\u00f5es<\/td>\n<td data-col-size=\"lg\" data-start=\"8439\" data-end=\"8562\">Coroas unit\u00e1rias (dependendo do caso), restaura\u00e7\u00f5es anteriores, casos est\u00e9ticos de curta dura\u00e7\u00e3o e planeamento de reabilita\u00e7\u00e3o cosm\u00e9tica.<\/td>\n<\/tr>\n<tr data-start=\"8563\" data-end=\"8716\">\n<td data-start=\"8563\" data-end=\"8580\" data-col-size=\"sm\">Op\u00e7\u00f5es de design<\/td>\n<td data-col-size=\"lg\" data-start=\"8580\" data-end=\"8716\">Acabamento eficiente para uma entrega simplificada; personaliza\u00e7\u00e3o est\u00e9tica melhorada opcional (colora\u00e7\u00e3o\/glaze, controlo de textura) conforme prescrito.<\/td>\n<\/tr>\n<tr data-start=\"8717\" data-end=\"8844\">\n<td data-start=\"8717\" data-end=\"8736\" data-col-size=\"sm\">Sombra e correspond\u00eancia<\/td>\n<td data-col-size=\"lg\" data-start=\"8736\" data-end=\"8844\">As fotografias e notas sobre a sombra melhoram a previsibilidade; a informa\u00e7\u00e3o sobre a sombra dos cepos apoia o controlo do valor em \u00e1reas mais finas.<\/td>\n<\/tr>\n<tr data-start=\"8845\" data-end=\"8962\">\n<td data-start=\"8845\" data-end=\"8859\" data-col-size=\"sm\">Cimenta\u00e7\u00e3o<\/td>\n<td data-col-size=\"lg\" data-start=\"8859\" data-end=\"8962\">Abordagem de cimenta\u00e7\u00e3o dependente do caso, de acordo com o protocolo do m\u00e9dico (frequentemente op\u00e7\u00f5es adesivas ou \u00e0 base de resina).<\/td>\n<\/tr>\n<tr data-start=\"8963\" data-end=\"9094\">\n<td data-start=\"8963\" data-end=\"8984\" data-col-size=\"sm\">O que enviar (B2B)<\/td>\n<td data-col-size=\"lg\" data-start=\"8984\" data-end=\"9094\">Digitaliza\u00e7\u00f5es STL (prepara\u00e7\u00e3o\/oposi\u00e7\u00e3o\/mordida), notas de margem, sombra + sombra do coto, fotografias e orienta\u00e7\u00e3o oclusal\/contactos.<\/td>\n<\/tr>\n<tr data-start=\"9095\" data-end=\"9229\">\n<td data-start=\"9095\" data-end=\"9106\" data-col-size=\"sm\">Foco no CQ<\/td>\n<td data-col-size=\"lg\" data-start=\"9106\" data-end=\"9229\">Margens, contactos proximais, verifica\u00e7\u00e3o da oclus\u00e3o (dependente do caso), contorno anat\u00f3mico e acabamento de superf\u00edcie consistente.<\/td>\n<\/tr>\n<tr data-start=\"9230\" data-end=\"9371\">\n<td data-start=\"9230\" data-end=\"9238\" data-col-size=\"sm\">Notas<\/td>\n<td data-col-size=\"lg\" data-start=\"9238\" data-end=\"9371\">Para casos est\u00e9ticos com v\u00e1rias unidades, forne\u00e7a um objetivo est\u00e9tico claro (valor\/translucidez) e imagens de refer\u00eancia para obter resultados consistentes.<\/td>\n<\/tr>\n<\/tbody>\n<\/table>","protected":false},"excerpt":{"rendered":"<p>Coroas de dissilicato de l\u00edtio para translucidez natural, anatomia precisa e resultados est\u00e9ticos fi\u00e1veis em fluxos de trabalho de restaura\u00e7\u00e3o di\u00e1rios.<\/p>","protected":false},"featured_media":548,"template":"","meta":{"_gspb_post_css":""},"product_brand":[],"product_cat":[163],"product_tag":[],"class_list":{"0":"post-580","1":"product","2":"type-product","3":"status-publish","4":"has-post-thumbnail","6":"product_cat-e-max-crowns","8":"first","9":"instock","10":"shipping-taxable","11":"purchasable","12":"product-type-simple"},"_links":{"self":[{"href":"https:\/\/artistdentallab.com\/pt\/wp-json\/wp\/v2\/product\/580","targetHints":{"allow":["GET"]}}],"collection":[{"href":"https:\/\/artistdentallab.com\/pt\/wp-json\/wp\/v2\/product"}],"about":[{"href":"https:\/\/artistdentallab.com\/pt\/wp-json\/wp\/v2\/types\/product"}],"wp:featuredmedia":[{"embeddable":true,"href":"https:\/\/artistdentallab.com\/pt\/wp-json\/wp\/v2\/media\/548"}],"wp:attachment":[{"href":"https:\/\/artistdentallab.com\/pt\/wp-json\/wp\/v2\/media?parent=580"}],"wp:term":[{"taxonomy":"product_brand","embeddable":true,"href":"https:\/\/artistdentallab.com\/pt\/wp-json\/wp\/v2\/product_brand?post=580"},{"taxonomy":"product_cat","embeddable":true,"href":"https:\/\/artistdentallab.com\/pt\/wp-json\/wp\/v2\/product_cat?post=580"},{"taxonomy":"product_tag","embeddable":true,"href":"https:\/\/artistdentallab.com\/pt\/wp-json\/wp\/v2\/product_tag?post=580"}],"curies":[{"name":"wp","href":"https:\/\/api.w.org\/{rel}","templated":true}]}}