{"id":581,"date":"2026-01-12T07:03:32","date_gmt":"2026-01-12T07:03:32","guid":{"rendered":"https:\/\/artistdentallab.com\/?post_type=product&#038;p=581"},"modified":"2026-01-12T07:04:10","modified_gmt":"2026-01-12T07:04:10","slug":"zirconia-veneer","status":"publish","type":"product","link":"https:\/\/artistdentallab.com\/pt\/zirconia-veneer\/","title":{"rendered":"Faceta de zirc\u00f3nio"},"content":{"rendered":"<table class=\"w-fit min-w-(--thread-content-width)\" data-start=\"9802\" data-end=\"11198\">\n<thead data-start=\"9802\" data-end=\"9823\">\n<tr data-start=\"9802\" data-end=\"9823\">\n<th data-start=\"9802\" data-end=\"9812\" data-col-size=\"sm\">Sec\u00e7\u00e3o<\/th>\n<th data-start=\"9812\" data-end=\"9823\" data-col-size=\"lg\">Detalhes<\/th>\n<\/tr>\n<\/thead>\n<tbody data-start=\"9834\" data-end=\"11198\">\n<tr data-start=\"9834\" data-end=\"9995\">\n<td data-start=\"9834\" data-end=\"9845\" data-col-size=\"sm\">Vis\u00e3o geral<\/td>\n<td data-start=\"9845\" data-end=\"9995\" data-col-size=\"lg\">Facetas de zirc\u00f3nio de alta resist\u00eancia concebidas para durabilidade, mantendo uma est\u00e9tica limpa e moderna - ideal para casos de cosm\u00e9tica funcional exigentes.<\/td>\n<\/tr>\n<tr data-start=\"9996\" data-end=\"10150\">\n<td data-start=\"9996\" data-end=\"10007\" data-col-size=\"sm\">Melhor para<\/td>\n<td data-start=\"10007\" data-end=\"10150\" data-col-size=\"lg\">Pacientes com maiores exig\u00eancias funcionais, casos que necessitam de maior resist\u00eancia \u00e0 fratura e situa\u00e7\u00f5es em que \u00e9 dada prioridade \u00e0 durabilidade a longo prazo.<\/td>\n<\/tr>\n<tr data-start=\"10151\" data-end=\"10218\">\n<td data-start=\"10151\" data-end=\"10162\" data-col-size=\"sm\">Material<\/td>\n<td data-start=\"10162\" data-end=\"10218\" data-col-size=\"lg\">Zirc\u00f3nia monol\u00edtica (desenho de faceta; dependente do caso).<\/td>\n<\/tr>\n<tr data-start=\"10219\" data-end=\"10391\">\n<td data-start=\"10219\" data-end=\"10233\" data-col-size=\"sm\">Indica\u00e7\u00f5es<\/td>\n<td data-start=\"10233\" data-end=\"10391\" data-col-size=\"lg\">Casos de facetas que requerem maior durabilidade (dependendo do caso), restaura\u00e7\u00f5es cosm\u00e9ticas funcionais e condi\u00e7\u00f5es de mordida dif\u00edceis com planeamento adequado.<\/td>\n<\/tr>\n<tr data-start=\"10392\" data-end=\"10525\">\n<td data-start=\"10392\" data-end=\"10409\" data-col-size=\"sm\">Op\u00e7\u00f5es de design<\/td>\n<td data-start=\"10409\" data-end=\"10525\" data-col-size=\"lg\">Contorno monol\u00edtico com controlo opcional da colora\u00e7\u00e3o e do acabamento; objectivos est\u00e9ticos definidos por notas de cor e fotografias.<\/td>\n<\/tr>\n<tr data-start=\"10526\" data-end=\"10680\">\n<td data-start=\"10526\" data-end=\"10538\" data-col-size=\"sm\">Est\u00e9tica<\/td>\n<td data-start=\"10538\" data-end=\"10680\" data-col-size=\"lg\">Concebidas para proporcionar uma apar\u00eancia natural atrav\u00e9s de um contorno e acabamento cuidadosos; os objectivos de translucidez podem ser especificados por prescri\u00e7\u00e3o.<\/td>\n<\/tr>\n<tr data-start=\"10681\" data-end=\"10805\">\n<td data-start=\"10681\" data-end=\"10695\" data-col-size=\"sm\">Cimenta\u00e7\u00e3o<\/td>\n<td data-col-size=\"lg\" data-start=\"10695\" data-end=\"10805\">Abordagem de cimenta\u00e7\u00e3o dependente do caso, de acordo com o protocolo do cl\u00ednico (frequentemente protocolos \u00e0 base de resina utilizados para facetas).<\/td>\n<\/tr>\n<tr data-start=\"10806\" data-end=\"10948\">\n<td data-start=\"10806\" data-end=\"10827\" data-col-size=\"sm\">O que enviar (B2B)<\/td>\n<td data-col-size=\"lg\" data-start=\"10827\" data-end=\"10948\">Digitaliza\u00e7\u00f5es STL, sombra + sombra do coto, notas oclusais (orienta\u00e7\u00e3o\/parafun\u00e7\u00e3o), fotografias e quaisquer objectivos de design do sorriso de refer\u00eancia.<\/td>\n<\/tr>\n<tr data-start=\"10949\" data-end=\"11075\">\n<td data-start=\"10949\" data-end=\"10960\" data-col-size=\"sm\">Foco no CQ<\/td>\n<td data-col-size=\"lg\" data-start=\"10960\" data-end=\"11075\">Ajuste e margens, contactos est\u00e1veis, verifica\u00e7\u00e3o do esquema oclusal (dependente do caso) e uniformidade do acabamento da superf\u00edcie.<\/td>\n<\/tr>\n<tr data-start=\"11076\" data-end=\"11198\">\n<td data-start=\"11076\" data-end=\"11084\" data-col-size=\"sm\">Notas<\/td>\n<td data-col-size=\"lg\" data-start=\"11084\" data-end=\"11198\">Partilhar precocemente os factores de risco funcionais; fornecer expectativas est\u00e9ticas claras para equilibrar a durabilidade e a apar\u00eancia.<\/td>\n<\/tr>\n<\/tbody>\n<\/table>","protected":false},"excerpt":{"rendered":"<p>Facetas de zirc\u00f3nio para casos cosm\u00e9ticos de alta resist\u00eancia - design monol\u00edtico dur\u00e1vel com acabamento personaliz\u00e1vel para resultados naturais.<\/p>","protected":false},"featured_media":556,"template":"","meta":{"_gspb_post_css":""},"product_brand":[],"product_cat":[164],"product_tag":[],"class_list":{"0":"post-581","1":"product","2":"type-product","3":"status-publish","4":"has-post-thumbnail","6":"product_cat-zirconia-veneer","8":"first","9":"instock","10":"shipping-taxable","11":"purchasable","12":"product-type-simple"},"_links":{"self":[{"href":"https:\/\/artistdentallab.com\/pt\/wp-json\/wp\/v2\/product\/581","targetHints":{"allow":["GET"]}}],"collection":[{"href":"https:\/\/artistdentallab.com\/pt\/wp-json\/wp\/v2\/product"}],"about":[{"href":"https:\/\/artistdentallab.com\/pt\/wp-json\/wp\/v2\/types\/product"}],"wp:featuredmedia":[{"embeddable":true,"href":"https:\/\/artistdentallab.com\/pt\/wp-json\/wp\/v2\/media\/556"}],"wp:attachment":[{"href":"https:\/\/artistdentallab.com\/pt\/wp-json\/wp\/v2\/media?parent=581"}],"wp:term":[{"taxonomy":"product_brand","embeddable":true,"href":"https:\/\/artistdentallab.com\/pt\/wp-json\/wp\/v2\/product_brand?post=581"},{"taxonomy":"product_cat","embeddable":true,"href":"https:\/\/artistdentallab.com\/pt\/wp-json\/wp\/v2\/product_cat?post=581"},{"taxonomy":"product_tag","embeddable":true,"href":"https:\/\/artistdentallab.com\/pt\/wp-json\/wp\/v2\/product_tag?post=581"}],"curies":[{"name":"wp","href":"https:\/\/api.w.org\/{rel}","templated":true}]}}