{"id":582,"date":"2026-01-12T07:05:07","date_gmt":"2026-01-12T07:05:07","guid":{"rendered":"https:\/\/artistdentallab.com\/?post_type=product&#038;p=582"},"modified":"2026-01-12T07:05:07","modified_gmt":"2026-01-12T07:05:07","slug":"grillz-veneer","status":"publish","type":"product","link":"https:\/\/artistdentallab.com\/pt\/grillz-veneer\/","title":{"rendered":"Folheado Grillz"},"content":{"rendered":"<table class=\"w-fit min-w-(--thread-content-width)\" data-start=\"11621\" data-end=\"12904\">\n<thead data-start=\"11621\" data-end=\"11642\">\n<tr data-start=\"11621\" data-end=\"11642\">\n<th data-start=\"11621\" data-end=\"11631\" data-col-size=\"sm\">Sec\u00e7\u00e3o<\/th>\n<th data-start=\"11631\" data-end=\"11642\" data-col-size=\"lg\">Detalhes<\/th>\n<\/tr>\n<\/thead>\n<tbody data-start=\"11653\" data-end=\"12904\">\n<tr data-start=\"11653\" data-end=\"11804\">\n<td data-start=\"11653\" data-end=\"11664\" data-col-size=\"sm\">Vis\u00e3o geral<\/td>\n<td data-col-size=\"lg\" data-start=\"11664\" data-end=\"11804\">Folheados grillz personalizados (j\u00f3ias dent\u00e1rias) criados para um aspeto cosm\u00e9tico arrojado e personalizado, com precis\u00e3o artesanal e acabamento de primeira qualidade.<\/td>\n<\/tr>\n<tr data-start=\"11805\" data-end=\"11938\">\n<td data-start=\"11805\" data-end=\"11816\" data-col-size=\"sm\">Melhor para<\/td>\n<td data-col-size=\"lg\" data-start=\"11816\" data-end=\"11938\">Pedidos de cosm\u00e9tica focados na moda, estilo de sorriso para ocasi\u00f5es especiais e pacientes que procuram uma est\u00e9tica de afirma\u00e7\u00e3o amov\u00edvel.<\/td>\n<\/tr>\n<tr data-start=\"11939\" data-end=\"12073\">\n<td data-start=\"11939\" data-end=\"11955\" data-col-size=\"sm\">Op\u00e7\u00f5es de estilo<\/td>\n<td data-col-size=\"lg\" data-start=\"11955\" data-end=\"12073\">Est\u00e3o dispon\u00edveis desenhos personalizados; as op\u00e7\u00f5es podem incluir configura\u00e7\u00f5es em ouro, prata ou diamante, de acordo com o pedido e a viabilidade.<\/td>\n<\/tr>\n<tr data-start=\"12074\" data-end=\"12192\">\n<td data-start=\"12074\" data-end=\"12090\" data-col-size=\"sm\">Ajuste e conforto<\/td>\n<td data-col-size=\"lg\" data-start=\"12090\" data-end=\"12192\">Concebida para um ajuste confort\u00e1vel e bordos polidos; destina-se a ser uma sobreposi\u00e7\u00e3o amov\u00edvel (dependente do caso).<\/td>\n<\/tr>\n<tr data-start=\"12193\" data-end=\"12329\">\n<td data-start=\"12193\" data-end=\"12208\" data-col-size=\"sm\">Invasividade<\/td>\n<td data-col-size=\"lg\" data-start=\"12208\" data-end=\"12329\">Conceito de encaixe para utiliza\u00e7\u00e3o cosm\u00e9tica n\u00e3o preparat\u00f3ria (dependente da conce\u00e7\u00e3o); o m\u00e9dico deve verificar a adequa\u00e7\u00e3o e as orienta\u00e7\u00f5es de utiliza\u00e7\u00e3o segura.<\/td>\n<\/tr>\n<tr data-start=\"12330\" data-end=\"12476\">\n<td data-start=\"12330\" data-end=\"12350\" data-col-size=\"sm\">Dados necess\u00e1rios (B2B)<\/td>\n<td data-col-size=\"lg\" data-start=\"12350\" data-end=\"12476\">Digitaliza\u00e7\u00f5es\/impress\u00f5es STL de alta precis\u00e3o da arcada\/dentes, rela\u00e7\u00e3o de mordida (se necess\u00e1rio) e refer\u00eancias de desenho (fotografias\/esbo\u00e7os).<\/td>\n<\/tr>\n<tr data-start=\"12477\" data-end=\"12615\">\n<td data-start=\"12477\" data-end=\"12494\" data-col-size=\"sm\">Detalhes do projeto<\/td>\n<td data-col-size=\"lg\" data-start=\"12494\" data-end=\"12615\">Especifique quais os dentes, o estilo de cobertura, o n\u00edvel de acabamento, o padr\u00e3o de superf\u00edcie, a coloca\u00e7\u00e3o da pedra e quaisquer pedidos de grava\u00e7\u00e3o\/log\u00f3tipo.<\/td>\n<\/tr>\n<tr data-start=\"12616\" data-end=\"12748\">\n<td data-start=\"12616\" data-end=\"12632\" data-col-size=\"sm\">Entrega e controlo de qualidade<\/td>\n<td data-col-size=\"lg\" data-start=\"12632\" data-end=\"12748\">Verifica\u00e7\u00e3o do ajuste no modelo digital, suavidade dos bordos, simetria e qualidade de acabamento para uma apresenta\u00e7\u00e3o de excel\u00eancia.<\/td>\n<\/tr>\n<tr data-start=\"12749\" data-end=\"12904\">\n<td data-start=\"12749\" data-end=\"12757\" data-col-size=\"sm\">Notas<\/td>\n<td data-col-size=\"lg\" data-start=\"12757\" data-end=\"12904\">Destinam-se a utiliza\u00e7\u00e3o cosm\u00e9tica\/moda; a cl\u00ednica deve fornecer instru\u00e7\u00f5es de utiliza\u00e7\u00e3o\/cuidado ao doente e avaliar a oclus\u00e3o e a sa\u00fade oral antes da entrega.<\/td>\n<\/tr>\n<\/tbody>\n<\/table>","protected":false},"excerpt":{"rendered":"<p>Folheados grillz remov\u00edveis personalizados com acabamento premium e op\u00e7\u00f5es de design personalizado para pedidos est\u00e9ticos arrojados.<\/p>","protected":false},"featured_media":553,"template":"","meta":{"_gspb_post_css":""},"product_brand":[],"product_cat":[165],"product_tag":[],"class_list":{"0":"post-582","1":"product","2":"type-product","3":"status-publish","4":"has-post-thumbnail","6":"product_cat-grillz-veneer","8":"first","9":"instock","10":"shipping-taxable","11":"purchasable","12":"product-type-simple"},"_links":{"self":[{"href":"https:\/\/artistdentallab.com\/pt\/wp-json\/wp\/v2\/product\/582","targetHints":{"allow":["GET"]}}],"collection":[{"href":"https:\/\/artistdentallab.com\/pt\/wp-json\/wp\/v2\/product"}],"about":[{"href":"https:\/\/artistdentallab.com\/pt\/wp-json\/wp\/v2\/types\/product"}],"wp:featuredmedia":[{"embeddable":true,"href":"https:\/\/artistdentallab.com\/pt\/wp-json\/wp\/v2\/media\/553"}],"wp:attachment":[{"href":"https:\/\/artistdentallab.com\/pt\/wp-json\/wp\/v2\/media?parent=582"}],"wp:term":[{"taxonomy":"product_brand","embeddable":true,"href":"https:\/\/artistdentallab.com\/pt\/wp-json\/wp\/v2\/product_brand?post=582"},{"taxonomy":"product_cat","embeddable":true,"href":"https:\/\/artistdentallab.com\/pt\/wp-json\/wp\/v2\/product_cat?post=582"},{"taxonomy":"product_tag","embeddable":true,"href":"https:\/\/artistdentallab.com\/pt\/wp-json\/wp\/v2\/product_tag?post=582"}],"curies":[{"name":"wp","href":"https:\/\/api.w.org\/{rel}","templated":true}]}}