{"id":583,"date":"2026-01-12T07:06:15","date_gmt":"2026-01-12T07:06:15","guid":{"rendered":"https:\/\/artistdentallab.com\/?post_type=product&#038;p=583"},"modified":"2026-01-12T07:06:15","modified_gmt":"2026-01-12T07:06:15","slug":"full-e-max-veneer","status":"publish","type":"product","link":"https:\/\/artistdentallab.com\/pt\/full-e-max-veneer\/","title":{"rendered":"Folheado E.max completo"},"content":{"rendered":"<table class=\"w-fit min-w-(--thread-content-width)\" data-start=\"13307\" data-end=\"14594\">\n<thead data-start=\"13307\" data-end=\"13328\">\n<tr data-start=\"13307\" data-end=\"13328\">\n<th data-start=\"13307\" data-end=\"13317\" data-col-size=\"sm\">Sec\u00e7\u00e3o<\/th>\n<th data-start=\"13317\" data-end=\"13328\" data-col-size=\"lg\">Detalhes<\/th>\n<\/tr>\n<\/thead>\n<tbody data-start=\"13339\" data-end=\"14594\">\n<tr data-start=\"13339\" data-end=\"13510\">\n<td data-start=\"13339\" data-end=\"13350\" data-col-size=\"sm\">Vis\u00e3o geral<\/td>\n<td data-col-size=\"lg\" data-start=\"13350\" data-end=\"13510\">As facetas E.max de contorno total (monol\u00edticas) proporcionam um ajuste previs\u00edvel, uma resist\u00eancia consistente e uma translucidez natural - optimizada para fluxos de trabalho est\u00e9ticos simplificados.<\/td>\n<\/tr>\n<tr data-start=\"13511\" data-end=\"13657\">\n<td data-start=\"13511\" data-end=\"13522\" data-col-size=\"sm\">Melhor para<\/td>\n<td data-col-size=\"lg\" data-start=\"13522\" data-end=\"13657\">Unidades individuais ou multi-unidades de casos de realce de sorrisos que necessitam de uma produ\u00e7\u00e3o eficiente e resultados consistentes com personaliza\u00e7\u00e3o opcional.<\/td>\n<\/tr>\n<tr data-start=\"13658\" data-end=\"13716\">\n<td data-start=\"13658\" data-end=\"13669\" data-col-size=\"sm\">Material<\/td>\n<td data-col-size=\"lg\" data-start=\"13669\" data-end=\"13716\">Dissilicato de l\u00edtio monol\u00edtico (tipo E.max).<\/td>\n<\/tr>\n<tr data-start=\"13717\" data-end=\"13847\">\n<td data-start=\"13717\" data-end=\"13731\" data-col-size=\"sm\">Indica\u00e7\u00f5es<\/td>\n<td data-col-size=\"lg\" data-start=\"13731\" data-end=\"13847\">Casos de facetas (dependendo do caso) em que a resist\u00eancia, a consist\u00eancia da adapta\u00e7\u00e3o e a translucidez est\u00e9tica s\u00e3o objectivos cl\u00ednicos fundamentais.<\/td>\n<\/tr>\n<tr data-start=\"13848\" data-end=\"13976\">\n<td data-start=\"13848\" data-end=\"13865\" data-col-size=\"sm\">Op\u00e7\u00f5es de design<\/td>\n<td data-col-size=\"lg\" data-start=\"13865\" data-end=\"13976\">Anatomia de contorno completo; colora\u00e7\u00e3o personalizada opcional, controlo do brilho e textura da superf\u00edcie para combinar com os dentes adjacentes.<\/td>\n<\/tr>\n<tr data-start=\"13977\" data-end=\"14097\">\n<td data-start=\"13977\" data-end=\"13993\" data-col-size=\"sm\">Controlo da sombra<\/td>\n<td data-col-size=\"lg\" data-start=\"13993\" data-end=\"14097\">Sombra + sombra do cepo + fotos recomendadas para controlo do valor\/translucidez e integra\u00e7\u00e3o previs\u00edvel.<\/td>\n<\/tr>\n<tr data-start=\"14098\" data-end=\"14222\">\n<td data-start=\"14098\" data-end=\"14112\" data-col-size=\"sm\">Cimenta\u00e7\u00e3o<\/td>\n<td data-col-size=\"lg\" data-start=\"14112\" data-end=\"14222\">Destina-se a protocolos de liga\u00e7\u00e3o adesiva de acordo com a prefer\u00eancia do m\u00e9dico (cimento de resina normalmente utilizado para facetas).<\/td>\n<\/tr>\n<tr data-start=\"14223\" data-end=\"14351\">\n<td data-start=\"14223\" data-end=\"14244\" data-col-size=\"sm\">O que enviar (B2B)<\/td>\n<td data-col-size=\"lg\" data-start=\"14244\" data-end=\"14351\">Digitaliza\u00e7\u00f5es STL, notas de margem, sombra\/ sombra do coto, fotografias do doente e quaisquer imagens de enceramento\/mock-up ou de refer\u00eancia.<\/td>\n<\/tr>\n<tr data-start=\"14352\" data-end=\"14467\">\n<td data-start=\"14352\" data-end=\"14363\" data-col-size=\"sm\">Foco no CQ<\/td>\n<td data-col-size=\"lg\" data-start=\"14363\" data-end=\"14467\">Margens limpas, estabilidade de contacto, refinamento oclusal (dependente do caso) e acabamento final consistente.<\/td>\n<\/tr>\n<tr data-start=\"14468\" data-end=\"14594\">\n<td data-start=\"14468\" data-end=\"14476\" data-col-size=\"sm\">Notas<\/td>\n<td data-col-size=\"lg\" data-start=\"14476\" data-end=\"14594\">Fornecer prioridades est\u00e9ticas (valor\/translucidez\/textura) para obter resultados consistentes em casos cosm\u00e9ticos com v\u00e1rias unidades.<\/td>\n<\/tr>\n<\/tbody>\n<\/table>","protected":false},"excerpt":{"rendered":"<p>Facetas monol\u00edticas E.max para um ajuste previs\u00edvel, resist\u00eancia consistente e est\u00e9tica natural - ideal para fluxos de trabalho cosm\u00e9ticos B2B eficientes.<\/p>","protected":false},"featured_media":552,"template":"","meta":{"_gspb_post_css":""},"product_brand":[],"product_cat":[166],"product_tag":[],"class_list":{"0":"post-583","1":"product","2":"type-product","3":"status-publish","4":"has-post-thumbnail","6":"product_cat-full-e-max-veneer","8":"first","9":"instock","10":"shipping-taxable","11":"purchasable","12":"product-type-simple"},"_links":{"self":[{"href":"https:\/\/artistdentallab.com\/pt\/wp-json\/wp\/v2\/product\/583","targetHints":{"allow":["GET"]}}],"collection":[{"href":"https:\/\/artistdentallab.com\/pt\/wp-json\/wp\/v2\/product"}],"about":[{"href":"https:\/\/artistdentallab.com\/pt\/wp-json\/wp\/v2\/types\/product"}],"wp:featuredmedia":[{"embeddable":true,"href":"https:\/\/artistdentallab.com\/pt\/wp-json\/wp\/v2\/media\/552"}],"wp:attachment":[{"href":"https:\/\/artistdentallab.com\/pt\/wp-json\/wp\/v2\/media?parent=583"}],"wp:term":[{"taxonomy":"product_brand","embeddable":true,"href":"https:\/\/artistdentallab.com\/pt\/wp-json\/wp\/v2\/product_brand?post=583"},{"taxonomy":"product_cat","embeddable":true,"href":"https:\/\/artistdentallab.com\/pt\/wp-json\/wp\/v2\/product_cat?post=583"},{"taxonomy":"product_tag","embeddable":true,"href":"https:\/\/artistdentallab.com\/pt\/wp-json\/wp\/v2\/product_tag?post=583"}],"curies":[{"name":"wp","href":"https:\/\/api.w.org\/{rel}","templated":true}]}}