{"id":584,"date":"2026-01-12T07:07:19","date_gmt":"2026-01-12T07:07:19","guid":{"rendered":"https:\/\/artistdentallab.com\/?post_type=product&#038;p=584"},"modified":"2026-01-12T07:07:19","modified_gmt":"2026-01-12T07:07:19","slug":"layered-zirconia-crown","status":"publish","type":"product","link":"https:\/\/artistdentallab.com\/pt\/layered-zirconia-crown\/","title":{"rendered":"Coroa de zirc\u00f3nio em camadas"},"content":{"rendered":"<table class=\"w-fit min-w-(--thread-content-width)\" data-start=\"15033\" data-end=\"16442\">\n<thead data-start=\"15033\" data-end=\"15054\">\n<tr data-start=\"15033\" data-end=\"15054\">\n<th data-start=\"15033\" data-end=\"15043\" data-col-size=\"sm\">Sec\u00e7\u00e3o<\/th>\n<th data-start=\"15043\" data-end=\"15054\" data-col-size=\"lg\">Detalhes<\/th>\n<\/tr>\n<\/thead>\n<tbody data-start=\"15065\" data-end=\"16442\">\n<tr data-start=\"15065\" data-end=\"15239\">\n<td data-start=\"15065\" data-end=\"15076\" data-col-size=\"sm\">Vis\u00e3o geral<\/td>\n<td data-col-size=\"lg\" data-start=\"15076\" data-end=\"15239\">Coroas de zirc\u00f3nia em camadas que combinam um n\u00facleo de zirc\u00f3nia forte com camadas de porcelana para aumentar a profundidade, a translucidez e os detalhes de superf\u00edcie realistas na zona do sorriso.<\/td>\n<\/tr>\n<tr data-start=\"15240\" data-end=\"15391\">\n<td data-start=\"15240\" data-end=\"15251\" data-col-size=\"sm\">Melhor para<\/td>\n<td data-col-size=\"lg\" data-start=\"15251\" data-end=\"15391\">Coroas para zonas anteriores e est\u00e9ticas que requerem resist\u00eancia e carateriza\u00e7\u00e3o de primeira qualidade, especialmente quando \u00e9 necess\u00e1ria uma cosm\u00e9tica de alto n\u00edvel.<\/td>\n<\/tr>\n<tr data-start=\"15392\" data-end=\"15462\">\n<td data-start=\"15392\" data-end=\"15403\" data-col-size=\"sm\">Material<\/td>\n<td data-col-size=\"lg\" data-start=\"15403\" data-end=\"15462\">N\u00facleo de zirc\u00f3nio + camada de porcelana (constru\u00e7\u00e3o est\u00e9tica).<\/td>\n<\/tr>\n<tr data-start=\"15463\" data-end=\"15604\">\n<td data-start=\"15463\" data-end=\"15477\" data-col-size=\"sm\">Indica\u00e7\u00f5es<\/td>\n<td data-col-size=\"lg\" data-start=\"15477\" data-end=\"15604\">Coroas anteriores e restaura\u00e7\u00f5es da zona do sorriso (dependendo do caso), casos que necessitam de maior resist\u00eancia com camadas est\u00e9ticas melhoradas.<\/td>\n<\/tr>\n<tr data-start=\"15605\" data-end=\"15754\">\n<td data-start=\"15605\" data-end=\"15622\" data-col-size=\"sm\">Op\u00e7\u00f5es de design<\/td>\n<td data-col-size=\"lg\" data-start=\"15622\" data-end=\"15754\">Camadas para vitalidade incisal e textura da superf\u00edcie; contorno personalizado, objectivos de translucidez e efeitos de cor de acordo com a prescri\u00e7\u00e3o.<\/td>\n<\/tr>\n<tr data-start=\"15755\" data-end=\"15899\">\n<td data-start=\"15755\" data-end=\"15772\" data-col-size=\"sm\">Ajuste e fun\u00e7\u00e3o<\/td>\n<td data-col-size=\"lg\" data-start=\"15772\" data-end=\"15899\">O n\u00facleo CAD\/CAM suporta um ajuste consistente; a estratifica\u00e7\u00e3o melhora a est\u00e9tica enquanto mant\u00e9m uma subestrutura forte (dependente do caso).<\/td>\n<\/tr>\n<tr data-start=\"15900\" data-end=\"16025\">\n<td data-start=\"15900\" data-end=\"15914\" data-col-size=\"sm\">Cimenta\u00e7\u00e3o<\/td>\n<td data-col-size=\"lg\" data-start=\"15914\" data-end=\"16025\">Abordagem de cimenta\u00e7\u00e3o dependente do caso, de acordo com o protocolo do m\u00e9dico; fornecer notas de reten\u00e7\u00e3o de prepara\u00e7\u00e3o para um melhor planeamento.<\/td>\n<\/tr>\n<tr data-start=\"16026\" data-end=\"16167\">\n<td data-start=\"16026\" data-end=\"16047\" data-col-size=\"sm\">O que enviar (B2B)<\/td>\n<td data-col-size=\"lg\" data-start=\"16047\" data-end=\"16167\">Digitaliza\u00e7\u00f5es STL, notas de desenho da margem, sombra + sombra do coto, fotografias, orienta\u00e7\u00e3o do esquema oclusal e objectivos de refer\u00eancia est\u00e9tica.<\/td>\n<\/tr>\n<tr data-start=\"16168\" data-end=\"16312\">\n<td data-start=\"16168\" data-end=\"16179\" data-col-size=\"sm\">Foco no CQ<\/td>\n<td data-col-size=\"lg\" data-start=\"16179\" data-end=\"16312\">Ajuste\/margens do n\u00facleo, simetria est\u00e9tica em camadas, verifica\u00e7\u00e3o do contacto e da oclus\u00e3o (dependente do caso) e consist\u00eancia do acabamento da superf\u00edcie.<\/td>\n<\/tr>\n<tr data-start=\"16313\" data-end=\"16442\">\n<td data-start=\"16313\" data-end=\"16321\" data-col-size=\"sm\">Notas<\/td>\n<td data-col-size=\"lg\" data-start=\"16321\" data-end=\"16442\">Fornecer expectativas est\u00e9ticas claras e restri\u00e7\u00f5es funcionais para equilibrar a durabilidade e o aspeto anterior de qualidade superior.<\/td>\n<\/tr>\n<\/tbody>\n<\/table>","protected":false},"excerpt":{"rendered":"<p>Coroas com n\u00facleo de zirc\u00f3nio com camadas de porcelana para uma est\u00e9tica anterior de qualidade superior - fortes, precisas e com uma bela carater\u00edstica.<\/p>","protected":false},"featured_media":555,"template":"","meta":{"_gspb_post_css":""},"product_brand":[],"product_cat":[167],"product_tag":[],"class_list":{"0":"post-584","1":"product","2":"type-product","3":"status-publish","4":"has-post-thumbnail","6":"product_cat-layered-zirconia-crown","8":"first","9":"instock","10":"shipping-taxable","11":"purchasable","12":"product-type-simple"},"_links":{"self":[{"href":"https:\/\/artistdentallab.com\/pt\/wp-json\/wp\/v2\/product\/584","targetHints":{"allow":["GET"]}}],"collection":[{"href":"https:\/\/artistdentallab.com\/pt\/wp-json\/wp\/v2\/product"}],"about":[{"href":"https:\/\/artistdentallab.com\/pt\/wp-json\/wp\/v2\/types\/product"}],"wp:featuredmedia":[{"embeddable":true,"href":"https:\/\/artistdentallab.com\/pt\/wp-json\/wp\/v2\/media\/555"}],"wp:attachment":[{"href":"https:\/\/artistdentallab.com\/pt\/wp-json\/wp\/v2\/media?parent=584"}],"wp:term":[{"taxonomy":"product_brand","embeddable":true,"href":"https:\/\/artistdentallab.com\/pt\/wp-json\/wp\/v2\/product_brand?post=584"},{"taxonomy":"product_cat","embeddable":true,"href":"https:\/\/artistdentallab.com\/pt\/wp-json\/wp\/v2\/product_cat?post=584"},{"taxonomy":"product_tag","embeddable":true,"href":"https:\/\/artistdentallab.com\/pt\/wp-json\/wp\/v2\/product_tag?post=584"}],"curies":[{"name":"wp","href":"https:\/\/api.w.org\/{rel}","templated":true}]}}